{"id":172,"date":"2014-04-07T14:08:08","date_gmt":"2014-04-07T14:08:08","guid":{"rendered":"http:\/\/www.thiery.fr\/?page_id=172"},"modified":"2014-05-21T14:13:05","modified_gmt":"2014-05-21T14:13:05","slug":"arts-et-culture","status":"publish","type":"page","link":"https:\/\/www.thiery.fr\/?page_id=172","title":{"rendered":"Arts et Culture"},"content":{"rendered":"<p><span style=\"color: #800000;\"><em>Artistes peintres, \u00e9crivains et po\u00e8tes, confection d&rsquo;objet d&rsquo;art, voici un petit m\u00e9lange non exhaustif des \u0153uvres des Thi\u00e9rois<\/em><\/span><\/p>\n<pre><span style=\"font-family: Verdana,Arial,Helvetica,Sans-Serif; font-size: xx-small; color: #008080;\"><b><span style=\"font-family: Verdana,Arial,Helvetica,Sans-Serif; font-size: xx-small;\"><b><em><b>L<\/b>es Aquarelles d<b>'Aqui \u00e9 d'Aqua <\/b><\/em><\/b><\/span><\/b><\/span><\/pre>\n<p style=\"text-align: justify;\"><a href=\"https:\/\/www.thiery.fr\/wp-content\/uploads\/aquarelle2.jpg\"><img loading=\"lazy\" decoding=\"async\" class=\"alignnone wp-image-1090 size-thumbnail\" src=\"https:\/\/www.thiery.fr\/wp-content\/uploads\/aquarelle2-150x150.jpg\" alt=\"aquarelle2\" width=\"150\" height=\"150\" \/><\/a><a href=\"https:\/\/www.thiery.fr\/wp-content\/uploads\/aquarelle3.jpg\">\u00a0\u00a0 <img loading=\"lazy\" decoding=\"async\" class=\"alignnone wp-image-1091 size-thumbnail\" src=\"https:\/\/www.thiery.fr\/wp-content\/uploads\/aquarelle3-150x150.jpg\" alt=\"aquarelle3\" width=\"150\" height=\"150\" \/>\u00a0\u00a0 <\/a><a href=\"https:\/\/www.thiery.fr\/wp-content\/uploads\/aquarelle1.jpg\"><img loading=\"lazy\" decoding=\"async\" class=\"alignnone wp-image-1089 size-thumbnail\" src=\"https:\/\/www.thiery.fr\/wp-content\/uploads\/aquarelle1-150x150.jpg\" alt=\"aquarelle1\" width=\"150\" height=\"150\" \/> <\/a><\/p>\n<p><strong><em>D&rsquo;ici et d&rsquo;ailleurs, d&rsquo;Aqui \u00e9 d&rsquo;a\u00eflla&#8230; les aquarelles d&rsquo;Aqui \u00e9 d&rsquo;Aqua<\/em><\/strong><\/p>\n<p>C&rsquo;est \u00e0 Thi\u00e9ry que je trouve le temps, l&rsquo;envie et l&rsquo;inspiration pour dessiner et peindre \u00e0<a href=\"https:\/\/www.thiery.fr\/wp-content\/uploads\/li-sian-ben.jpg\"><img loading=\"lazy\" decoding=\"async\" class=\"alignright wp-image-1079 size-medium\" src=\"https:\/\/www.thiery.fr\/wp-content\/uploads\/li-sian-ben-300x208.jpg\" alt=\"li-sian-ben\" width=\"300\" height=\"208\" srcset=\"https:\/\/www.thiery.fr\/wp-content\/uploads\/li-sian-ben-300x208.jpg 300w, https:\/\/www.thiery.fr\/wp-content\/uploads\/li-sian-ben-1024x709.jpg 1024w, https:\/\/www.thiery.fr\/wp-content\/uploads\/li-sian-ben-432x300.jpg 432w, https:\/\/www.thiery.fr\/wp-content\/uploads\/li-sian-ben.jpg 1200w\" sizes=\"auto, (max-width: 300px) 100vw, 300px\" \/><\/a> l&rsquo;aquarelle. Je suis fan de carnet de voyage et je projette de faire un jour un \u00ab\u00a0carnet de village\u00a0\u00bb. En attendant, je m&rsquo;amuse \u00e0 mettre en sc\u00e8ne mon village ou mon train train quotidien dans divers blogs ou r\u00e9seaux sociaux (<a href=\"https:\/\/fr-fr.facebook.com\/pages\/Daqui-%C3%A9-daqua\/184137678287973\" target=\"_blank\">page facebook<\/a>)&#8230;<br \/>\nVoici l&rsquo;adresse de mon blog : <a href=\"http:\/\/aquadaqui.over-blog.com\/\" target=\"_blank\">http:\/\/aquadaqui.over-blog.com\/<\/a>,\u00a0 J&rsquo;ai aussi cr\u00e9\u00e9 un petit personnage qui se plait bien \u00e0 Thi\u00e9ry, et qui raconte ses aventures dans <a href=\"http:\/\/aqua-d-aqui.over-blog.com\/article-mr-doudou-chasseur-86266621.html\" target=\"_blank\">le blog de Mr Doudou<\/a>. Certaines de mes \u00ab\u00a0oeuvres\u00a0\u00bb sont devenues des cartes postales ou ont fait l&rsquo;objet d&rsquo;autres publications : le d\u00e9but du succ\u00e8s ou l&rsquo;effet du bon air de Thi\u00e9ry sans doute ?<\/p>\n<h6 style=\"text-align: left;\"><em><span style=\"color: #800000;\"><a href=\"http:\/\/aquadaqui.over-blog.com\" target=\"_blank\"><span style=\"color: #800000;\">Genevi\u00e8ve Aujoulat<\/span><\/a><\/span><\/em><\/h6>\n<p>&#8212;&#8212;&#8212;&#8212;&#8212;&#8212;&#8212;&#8212;&#8212;&#8212;&#8212;&#8212;&#8212;&#8212;&#8212;&#8212;&#8212;&#8212;&#8212;&#8212;&#8212;&#8212;&#8212;&#8212;&#8212;&#8212;&#8212;&#8212;&#8212;&#8212;&#8212;&#8212;&#8212;-<\/p>\n<pre><span style=\"font-family: Verdana,Arial,Helvetica,Sans-Serif; font-size: xx-small; color: #008080;\"><b><span style=\"font-family: Verdana,Arial,Helvetica,Sans-Serif; font-size: xx-small;\"><b><em><b>L<\/b>e<b>s outils transform\u00e9s de Claude<\/b><\/em><\/b><\/span><\/b><\/span><\/pre>\n<h2 style=\"text-align: justify;\"><em>AVEC LE TEMPS \u2026<\/em><\/h2>\n<p style=\"text-align: justify;\">\u00a0\u00a0\u00a0\u00a0\u00a0\u00a0\u00a0 Avec le temps\u2026contrairement \u00e0 ce que chante L\u00e9o Ferr\u00e9, tout ne s\u2019en va pas\u00a0: restent les objets et en particulier les outils de fer qui nous rappellent le r\u00f4le social consid\u00e9rable tenu par ce m\u00e9tal depuis la plus haute Antiquit\u00e9.<a href=\"https:\/\/www.thiery.fr\/wp-content\/uploads\/outils-claude.jpg\"><img loading=\"lazy\" decoding=\"async\" class=\"alignleft wp-image-947 size-medium\" src=\"https:\/\/www.thiery.fr\/wp-content\/uploads\/outils-claude-193x300.jpg\" alt=\"outils-claude\" width=\"193\" height=\"300\" srcset=\"https:\/\/www.thiery.fr\/wp-content\/uploads\/outils-claude-193x300.jpg 193w, https:\/\/www.thiery.fr\/wp-content\/uploads\/outils-claude.jpg 270w\" sizes=\"auto, (max-width: 193px) 100vw, 193px\" \/><\/a><\/p>\n<p style=\"text-align: justify;\">Avec le temps donc, je suis devenu d\u00e9positaire d\u2019outils agricoles qui avaient aid\u00e9 des g\u00e9n\u00e9rations d\u2019hommes et de femmes \u00e0 vivre, et parfois \u00e0 survivre, au cours des si\u00e8cles. Je les ai rassembl\u00e9s mais qu\u2019en faire\u00a0? Alors je les ai regard\u00e9s (on ne regarde jamais assez). Au-del\u00e0 de leur utilit\u00e9 pr\u00e9cise, parfois myst\u00e9rieuse pour quelqu\u2019un qui est issu de l\u2019exode rural, ils m\u2019ont paru\u2026beaux.<\/p>\n<p style=\"text-align: justify;\">A quoi tenait leur beaut\u00e9\u00a0? A leur unicit\u00e9 et au grain du m\u00e9tal. M\u00eame lorsque leurs formes sont proches aucun d\u2019eux n\u2019est un double. Tous sont les \u0153uvres originales de ma\u00eetres-forgerons retourn\u00e9s \u00e0 la poussi\u00e8re depuis bien longtemps, comme ceux pour qui on avait fondu ce fer.<\/p>\n<p style=\"text-align: justify;\"><a href=\"https:\/\/www.thiery.fr\/wp-content\/uploads\/outils2-claude.jpg\"><img loading=\"lazy\" decoding=\"async\" class=\"alignright wp-image-951 size-medium\" src=\"https:\/\/www.thiery.fr\/wp-content\/uploads\/outils2-claude-196x300.jpg\" alt=\"outils2-claude\" width=\"196\" height=\"300\" srcset=\"https:\/\/www.thiery.fr\/wp-content\/uploads\/outils2-claude-196x300.jpg 196w, https:\/\/www.thiery.fr\/wp-content\/uploads\/outils2-claude.jpg 279w\" sizes=\"auto, (max-width: 196px) 100vw, 196px\" \/><\/a>Ils avaient \u00e9t\u00e9 forg\u00e9s sp\u00e9cialement pour tel ou tel travail (retourner la terre, \u00e9craser les mottes, creuser une rigole d\u2019arrosage ou un tronc, couper des branches ou des arbres, de l\u2019herbe ou du bl\u00e9, tondre les moutons), sans doute aussi \u00e0 la mesure des bras et de la carrure de l\u2019homme qui s\u2019en servit toute une vie et les l\u00e9gua, h\u00e9ritage d\u2019acier et de sueur, \u00e0 ses descendants.<\/p>\n<p style=\"text-align: justify;\">Il m\u2019est apparu aussi que tous ces outils avaient en commun d\u2019\u00eatre ac\u00e9r\u00e9s, agressifs\u00a0: ils faisaient penser \u00e0 des armes. Non pas \u00e0 celles d\u2019une improbable jacquerie (encore que\u2026) mais aux instruments d\u2019un combat rarement gagn\u00e9, jamais perdu, toujours recommenc\u00e9, contre cette vieille adversaire, \u00e2pre, ingrate dans nos villages perch\u00e9s\u00a0: la terre. Sur nos hautes terres de Provence, la seule <a href=\"https:\/\/www.thiery.fr\/wp-content\/uploads\/soeurs.jpg\"><img loading=\"lazy\" decoding=\"async\" class=\"alignleft wp-image-1066 size-medium\" src=\"https:\/\/www.thiery.fr\/wp-content\/uploads\/soeurs-200x300.jpg\" alt=\"soeurs\" width=\"200\" height=\"300\" srcset=\"https:\/\/www.thiery.fr\/wp-content\/uploads\/soeurs-200x300.jpg 200w, https:\/\/www.thiery.fr\/wp-content\/uploads\/soeurs.jpg 600w\" sizes=\"auto, (max-width: 200px) 100vw, 200px\" \/><\/a>victoire sur la Nature consistait souvent \u00e0 \u00ab\u00a0boucler\u00a0\u00bb une ann\u00e9e sur l\u2019autre sans avoir eu faim. Les sols sont pierreux, les \u00ab\u00a0fa\u00efsses\u00a0\u00bb \u00e9troites et les orages de gr\u00eale ravageurs de bl\u00e9s m\u00fbrs.<\/p>\n<p style=\"text-align: justify;\">Ces outils sont aussi \u00e0 l\u2019image des gens qui les ont mani\u00e9s\u00a0: durs, anguleux, avec parfois des courbes douces \u00e0 l\u2019\u0153il (comme un sourire\u2026) et au toucher (comme une caresse\u2026). Des hommes les ont fabriqu\u00e9s et mani\u00e9s. Un peu de leur humanit\u00e9 est pass\u00e9e dans ces vestiges d\u2019une Civilisation.<\/p>\n<p style=\"text-align: justify;\">Plut\u00f4t que de les ranger dans quelque cave obscure j\u2019ai pr\u00e9f\u00e9r\u00e9 leur faire subir une m\u00e9tamorphose en m\u00e9moire des g\u00e9n\u00e9rations pass\u00e9es.<\/p>\n<p style=\"text-align: justify;\"><span style=\"color: #800000;\"><em>Claude Cagno<\/em>l<\/span><\/p>\n<p>&nbsp;<\/p>\n","protected":false},"excerpt":{"rendered":"<p>Artistes peintres, \u00e9crivains et po\u00e8tes, confection d&rsquo;objet d&rsquo;art, voici un petit m\u00e9lange non exhaustif des \u0153uvres des Thi\u00e9rois Les Aquarelles d&rsquo;Aqui \u00e9 d&rsquo;Aqua \u00a0\u00a0 \u00a0\u00a0 D&rsquo;ici et d&rsquo;ailleurs, d&rsquo;Aqui \u00e9 d&rsquo;a\u00eflla&#8230; les aquarelles d&rsquo;Aqui \u00e9 d&rsquo;Aqua C&rsquo;est \u00e0 Thi\u00e9ry que &hellip; <a href=\"https:\/\/www.thiery.fr\/?page_id=172\">Continuer la lecture <span class=\"meta-nav\">&rarr;<\/span><\/a><\/p>\n","protected":false},"author":1,"featured_media":0,"parent":0,"menu_order":0,"comment_status":"closed","ping_status":"open","template":"","meta":{"footnotes":""},"class_list":["post-172","page","type-page","status-publish","hentry"],"_links":{"self":[{"href":"https:\/\/www.thiery.fr\/index.php?rest_route=\/wp\/v2\/pages\/172","targetHints":{"allow":["GET"]}}],"collection":[{"href":"https:\/\/www.thiery.fr\/index.php?rest_route=\/wp\/v2\/pages"}],"about":[{"href":"https:\/\/www.thiery.fr\/index.php?rest_route=\/wp\/v2\/types\/page"}],"author":[{"embeddable":true,"href":"https:\/\/www.thiery.fr\/index.php?rest_route=\/wp\/v2\/users\/1"}],"replies":[{"embeddable":true,"href":"https:\/\/www.thiery.fr\/index.php?rest_route=%2Fwp%2Fv2%2Fcomments&post=172"}],"version-history":[{"count":63,"href":"https:\/\/www.thiery.fr\/index.php?rest_route=\/wp\/v2\/pages\/172\/revisions"}],"predecessor-version":[{"id":1094,"href":"https:\/\/www.thiery.fr\/index.php?rest_route=\/wp\/v2\/pages\/172\/revisions\/1094"}],"wp:attachment":[{"href":"https:\/\/www.thiery.fr\/index.php?rest_route=%2Fwp%2Fv2%2Fmedia&parent=172"}],"curies":[{"name":"wp","href":"https:\/\/api.w.org\/{rel}","templated":true}]}}