{"id":183,"date":"2014-04-07T16:02:06","date_gmt":"2014-04-07T16:02:06","guid":{"rendered":"http:\/\/www.thiery.fr\/?page_id=183"},"modified":"2020-08-19T09:13:06","modified_gmt":"2020-08-19T09:13:06","slug":"informations-bibliographiques","status":"publish","type":"page","link":"https:\/\/www.thiery.fr\/?page_id=183","title":{"rendered":"Informations bibliographiques"},"content":{"rendered":"<pre><em><span style=\"color: #800000;\">Documents et litt\u00e9ratures<\/span><\/em><\/pre>\n<p><em><strong><a href=\"https:\/\/www.thiery.fr\/wp-content\/uploads\/livre-marcel2.jpg\"><img loading=\"lazy\" decoding=\"async\" class=\"alignleft wp-image-944 \" src=\"https:\/\/www.thiery.fr\/wp-content\/uploads\/livre-marcel2.jpg\" alt=\"livre-marcel\" width=\"58\" height=\"81\" \/><\/a>Thi\u00e9ry o\u00f9 les pierres parlent<\/strong><\/em> <em>de Marcel Icardo<\/em><\/p>\n<p>\u00c9d Serre 2008<\/p>\n<p>&nbsp;<\/p>\n<pre><\/pre>\n<p>&nbsp;<\/p>\n<p><a href=\"https:\/\/www.thiery.fr\/wp-content\/uploads\/ici-fini14052014.jpg\"><img loading=\"lazy\" decoding=\"async\" class=\"alignleft wp-image-1062\" src=\"https:\/\/www.thiery.fr\/wp-content\/uploads\/ici-fini14052014.jpg\" alt=\"ici-fini14052014\" width=\"54\" height=\"77\" \/><\/a><em><strong><span class=\"fn\"><span dir=\"ltr\">Ici finit le comt\u00e9 de Beuil <\/span><\/span><\/strong><span class=\"fn\"><span dir=\"ltr\">de Colette et Michel Bourrier-Reynaud<\/span><\/span><\/em><\/p>\n<p><span dir=\"ltr\">Association Lou Savel \u00c9d. Serre 1987<\/span><\/p>\n","protected":false},"excerpt":{"rendered":"<p>Documents et litt\u00e9ratures Thi\u00e9ry o\u00f9 les pierres parlent de Marcel Icardo \u00c9d Serre 2008 &nbsp; &nbsp; Ici finit le comt\u00e9 de Beuil de Colette et Michel Bourrier-Reynaud Association Lou Savel \u00c9d. Serre 1987<\/p>\n","protected":false},"author":1,"featured_media":0,"parent":0,"menu_order":0,"comment_status":"closed","ping_status":"open","template":"","meta":{"footnotes":""},"class_list":["post-183","page","type-page","status-publish","hentry"],"_links":{"self":[{"href":"https:\/\/www.thiery.fr\/index.php?rest_route=\/wp\/v2\/pages\/183","targetHints":{"allow":["GET"]}}],"collection":[{"href":"https:\/\/www.thiery.fr\/index.php?rest_route=\/wp\/v2\/pages"}],"about":[{"href":"https:\/\/www.thiery.fr\/index.php?rest_route=\/wp\/v2\/types\/page"}],"author":[{"embeddable":true,"href":"https:\/\/www.thiery.fr\/index.php?rest_route=\/wp\/v2\/users\/1"}],"replies":[{"embeddable":true,"href":"https:\/\/www.thiery.fr\/index.php?rest_route=%2Fwp%2Fv2%2Fcomments&post=183"}],"version-history":[{"count":26,"href":"https:\/\/www.thiery.fr\/index.php?rest_route=\/wp\/v2\/pages\/183\/revisions"}],"predecessor-version":[{"id":193,"href":"https:\/\/www.thiery.fr\/index.php?rest_route=\/wp\/v2\/pages\/183\/revisions\/193"}],"wp:attachment":[{"href":"https:\/\/www.thiery.fr\/index.php?rest_route=%2Fwp%2Fv2%2Fmedia&parent=183"}],"curies":[{"name":"wp","href":"https:\/\/api.w.org\/{rel}","templated":true}]}}