{"id":2505,"date":"2019-07-17T11:23:00","date_gmt":"2019-07-17T11:23:00","guid":{"rendered":"http:\/\/www.thiery.fr\/?page_id=2505"},"modified":"2020-12-23T10:47:58","modified_gmt":"2020-12-23T10:47:58","slug":"enquetes-publiques","status":"publish","type":"page","link":"https:\/\/www.thiery.fr\/?page_id=2505","title":{"rendered":"Les enqu\u00eates publiques"},"content":{"rendered":"<p>Pour consulter les diff\u00e9rentes enqu\u00eates publiques r\u00e9alis\u00e9es sur la commune de Thi\u00e9ry, merci de consulter les pages correspondantes ci-dessous :<\/p>\n<blockquote class=\"wp-embedded-content\" data-secret=\"UloNzMySES\"><p><a href=\"https:\/\/www.thiery.fr\/?p=2784\">Rapport d&rsquo;enqu\u00eate publique relative au zonage d&rsquo;assainissement, conclusions et avis du commissaire enqu\u00eateur<\/a><\/p><\/blockquote>\n<p><iframe loading=\"lazy\" class=\"wp-embedded-content\" sandbox=\"allow-scripts\" security=\"restricted\" style=\"position: absolute; visibility: hidden;\" title=\"\u00ab\u00a0Rapport d&rsquo;enqu\u00eate publique relative au zonage d&rsquo;assainissement, conclusions et avis du commissaire enqu\u00eateur\u00a0\u00bb &#8212; Le Village de Thiery\" src=\"https:\/\/www.thiery.fr\/?p=2784&#038;embed=true#?secret=Ua1R2uKvQj#?secret=UloNzMySES\" data-secret=\"UloNzMySES\" width=\"584\" height=\"329\" frameborder=\"0\" marginwidth=\"0\" marginheight=\"0\" scrolling=\"no\"><\/iframe><\/p>\n<blockquote class=\"wp-embedded-content\" data-secret=\"793Zo5OADs\"><p><a href=\"https:\/\/www.thiery.fr\/?p=2511\">Enqu\u00eate publique zonage d&rsquo;assainissement du 30 Septembre au 4 Novembre 2019<\/a><\/p><\/blockquote>\n<p><iframe loading=\"lazy\" class=\"wp-embedded-content\" sandbox=\"allow-scripts\" security=\"restricted\" style=\"position: absolute; visibility: hidden;\" title=\"\u00ab\u00a0Enqu\u00eate publique zonage d&rsquo;assainissement du 30 Septembre au 4 Novembre 2019\u00a0\u00bb &#8212; Le Village de Thiery\" src=\"https:\/\/www.thiery.fr\/?p=2511&#038;embed=true#?secret=q5tnMwSOTY#?secret=793Zo5OADs\" data-secret=\"793Zo5OADs\" width=\"584\" height=\"329\" frameborder=\"0\" marginwidth=\"0\" marginheight=\"0\" scrolling=\"no\"><\/iframe><\/p>\n<p>&nbsp;<\/p>\n","protected":false},"excerpt":{"rendered":"<p>Pour consulter les diff\u00e9rentes enqu\u00eates publiques r\u00e9alis\u00e9es sur la commune de Thi\u00e9ry, merci de consulter les pages correspondantes ci-dessous : Rapport d&rsquo;enqu\u00eate publique relative au zonage d&rsquo;assainissement, conclusions et avis du commissaire enqu\u00eateur Enqu\u00eate publique zonage d&rsquo;assainissement du 30 Septembre &hellip; <a href=\"https:\/\/www.thiery.fr\/?page_id=2505\">Continuer la lecture <span class=\"meta-nav\">&rarr;<\/span><\/a><\/p>\n","protected":false},"author":3,"featured_media":0,"parent":0,"menu_order":0,"comment_status":"closed","ping_status":"closed","template":"","meta":{"footnotes":""},"class_list":["post-2505","page","type-page","status-publish","hentry"],"_links":{"self":[{"href":"https:\/\/www.thiery.fr\/index.php?rest_route=\/wp\/v2\/pages\/2505","targetHints":{"allow":["GET"]}}],"collection":[{"href":"https:\/\/www.thiery.fr\/index.php?rest_route=\/wp\/v2\/pages"}],"about":[{"href":"https:\/\/www.thiery.fr\/index.php?rest_route=\/wp\/v2\/types\/page"}],"author":[{"embeddable":true,"href":"https:\/\/www.thiery.fr\/index.php?rest_route=\/wp\/v2\/users\/3"}],"replies":[{"embeddable":true,"href":"https:\/\/www.thiery.fr\/index.php?rest_route=%2Fwp%2Fv2%2Fcomments&post=2505"}],"version-history":[{"count":4,"href":"https:\/\/www.thiery.fr\/index.php?rest_route=\/wp\/v2\/pages\/2505\/revisions"}],"predecessor-version":[{"id":2865,"href":"https:\/\/www.thiery.fr\/index.php?rest_route=\/wp\/v2\/pages\/2505\/revisions\/2865"}],"wp:attachment":[{"href":"https:\/\/www.thiery.fr\/index.php?rest_route=%2Fwp%2Fv2%2Fmedia&parent=2505"}],"curies":[{"name":"wp","href":"https:\/\/api.w.org\/{rel}","templated":true}]}}