{"id":2732,"date":"2020-07-04T09:11:07","date_gmt":"2020-07-04T09:11:07","guid":{"rendered":"http:\/\/www.thiery.fr\/?page_id=2732"},"modified":"2023-05-26T10:40:21","modified_gmt":"2023-05-26T10:40:21","slug":"festivites","status":"publish","type":"page","link":"https:\/\/www.thiery.fr\/?page_id=2732","title":{"rendered":"Festivit\u00e9s"},"content":{"rendered":"<footer id=\"colophon\" role=\"contentinfo\">\n<footer id=\"colophon\" role=\"contentinfo\">\n<div style=\"text-align: center;\"><strong>Entre festivit\u00e9s et traditions montagnardes perp\u00e9tu\u00e9es ou remises au gout du jour, de beaux programmes festifs font battre le c\u0153ur de nos vall\u00e9es.<br \/>\n<\/strong><\/div>\n<div><\/div>\n<div style=\"text-align: center;\"><a href=\"https:\/\/www.thiery.fr\/wp-content\/uploads\/51094534_990302348024364_4002245393373986816_n.jpg\"><img loading=\"lazy\" decoding=\"async\" class=\"aligncenter  wp-image-3238\" src=\"https:\/\/www.thiery.fr\/wp-content\/uploads\/51094534_990302348024364_4002245393373986816_n.jpg\" alt=\"\" width=\"409\" height=\"277\" \/><\/a><strong>Chaque ann\u00e9e,<\/strong> &#8211; <em>et depuis toujours ! &#8211;<\/em><strong> les Tubans ne manquent pas \u00e0 l&rsquo;appel<\/strong><\/div>\n<\/footer>\n<\/footer>\n<div style=\"text-align: center;\"><strong>et se d\u00e9carcassent pour animer leur beau village&#8230;<\/strong><\/div>\n<div><\/div>\n<div><a href=\"https:\/\/www.thiery.fr\/wp-content\/uploads\/49825206268_8c1fe3a891_w.jpg\"><img loading=\"lazy\" decoding=\"async\" class=\"aligncenter size-full wp-image-3224\" src=\"https:\/\/www.thiery.fr\/wp-content\/uploads\/49825206268_8c1fe3a891_w.jpg\" alt=\"\" width=\"400\" height=\"297\" srcset=\"https:\/\/www.thiery.fr\/wp-content\/uploads\/49825206268_8c1fe3a891_w.jpg 400w, https:\/\/www.thiery.fr\/wp-content\/uploads\/49825206268_8c1fe3a891_w-300x223.jpg 300w\" sizes=\"auto, (max-width: 400px) 100vw, 400px\" \/><\/a><\/div>\n<footer id=\"colophon\" role=\"contentinfo\">\n<div>\n<div style=\"text-align: center;\"><strong>\u00c9v\u00e8nements et animations sont r\u00e9guli\u00e8rement propos\u00e9s par le <a href=\"https:\/\/www.facebook.com\/comitethiery\/?locale=fr_FR\">Comit\u00e9 des F\u00eates<\/a> et la municipalit\u00e9, pour faire de Thi\u00e9ry le paradis des grands et des petits !<\/strong><\/div>\n<\/div>\n<\/footer>\n<div style=\"text-align: center;\"><\/div>\n<div><a href=\"https:\/\/www.thiery.fr\/wp-content\/uploads\/29202932707_258490ccf3_w.jpg\"><img loading=\"lazy\" decoding=\"async\" class=\"aligncenter size-full wp-image-3225\" src=\"https:\/\/www.thiery.fr\/wp-content\/uploads\/29202932707_258490ccf3_w.jpg\" alt=\"\" width=\"400\" height=\"225\" srcset=\"https:\/\/www.thiery.fr\/wp-content\/uploads\/29202932707_258490ccf3_w.jpg 400w, https:\/\/www.thiery.fr\/wp-content\/uploads\/29202932707_258490ccf3_w-300x169.jpg 300w\" sizes=\"auto, (max-width: 400px) 100vw, 400px\" \/><\/a><\/div>\n<div style=\"text-align: center;\"><strong>Pour un rapide tour d&rsquo;horizon, \u00e0 Thi\u00e9ry, on c\u00e9l\u00e8bre <\/strong><em>&#8211; entre autres ! &#8211;<\/em><strong> :<\/p>\n<p><\/strong><\/div>\n<div style=\"text-align: center;\"><strong><em><span style=\"color: #ff9900;\">Vers fin mai d\u00e9but juin&#8230;<\/span><br \/>\n<\/em><span style=\"color: #339966;\">La F\u00eate du Pain, <\/span>autour du four communal : au programme,<br \/>\nvente et d\u00e9gustation de pain maison, tartes et pissaladi\u00e8res,<br \/>\net tournoi de boules carr\u00e9es dans les rues du village !<\/strong><\/div>\n<div><a href=\"https:\/\/www.thiery.fr\/wp-content\/uploads\/34986993951_1cc24ba790_w.jpg\"><img loading=\"lazy\" decoding=\"async\" class=\"aligncenter size-full wp-image-3226\" src=\"https:\/\/www.thiery.fr\/wp-content\/uploads\/34986993951_1cc24ba790_w.jpg\" alt=\"\" width=\"400\" height=\"225\" srcset=\"https:\/\/www.thiery.fr\/wp-content\/uploads\/34986993951_1cc24ba790_w.jpg 400w, https:\/\/www.thiery.fr\/wp-content\/uploads\/34986993951_1cc24ba790_w-300x169.jpg 300w\" sizes=\"auto, (max-width: 400px) 100vw, 400px\" \/><\/a><\/div>\n<div style=\"text-align: center;\"><strong><span style=\"color: #ff9900;\"><em>Durant la semaine du 15 ao\u00fbt&#8230;<\/em><\/span><br \/>\n<span style=\"color: #339966;\">La F\u00eate patronale de la St Roch ! <\/span>C\u00e9l\u00e9bration religieuse, ap\u00e9ritif d&rsquo;honneur de la municipalit\u00e9 et traditionnel mot du maire, bal dansant, tournoi de p\u00e9tanques et de mourra, banquets et animations pour petits et grand&#8230;<br \/>\n<\/strong><\/div>\n<div style=\"text-align: center;\"><a href=\"https:\/\/www.thiery.fr\/wp-content\/uploads\/35801235554_2fb4677da1_w.jpg\"><img loading=\"lazy\" decoding=\"async\" class=\"aligncenter size-full wp-image-3234\" src=\"https:\/\/www.thiery.fr\/wp-content\/uploads\/35801235554_2fb4677da1_w.jpg\" alt=\"\" width=\"400\" height=\"300\" srcset=\"https:\/\/www.thiery.fr\/wp-content\/uploads\/35801235554_2fb4677da1_w.jpg 400w, https:\/\/www.thiery.fr\/wp-content\/uploads\/35801235554_2fb4677da1_w-300x225.jpg 300w\" sizes=\"auto, (max-width: 400px) 100vw, 400px\" \/><\/a><\/div>\n<div style=\"text-align: center;\"><strong><span style=\"color: #ff9900;\"><em>Quand vient la fin de l&rsquo;\u00e9t\u00e9&#8230; d\u00e9but septembre :<\/em><\/span><br \/>\n<span style=\"color: #339966;\">La F\u00eate de la Madone ! <span style=\"color: #000000;\">C\u00e9l\u00e9bration religieuse \u00e0 la chapelle du hameau de la Madone, et si le temps est cl\u00e9ment : grand pic-nic en plein air et tournoi de p\u00e9tanques sont g\u00e9n\u00e9ralement de mise !\u00a0<\/span><\/span><\/strong><\/div>\n<div><\/div>\n<div><a href=\"https:\/\/www.thiery.fr\/wp-content\/uploads\/48670689917_0d76488e67_w.jpg\"><img loading=\"lazy\" decoding=\"async\" class=\"aligncenter size-full wp-image-3230\" src=\"https:\/\/www.thiery.fr\/wp-content\/uploads\/48670689917_0d76488e67_w.jpg\" alt=\"\" width=\"400\" height=\"225\" srcset=\"https:\/\/www.thiery.fr\/wp-content\/uploads\/48670689917_0d76488e67_w.jpg 400w, https:\/\/www.thiery.fr\/wp-content\/uploads\/48670689917_0d76488e67_w-300x169.jpg 300w\" sizes=\"auto, (max-width: 400px) 100vw, 400px\" \/><\/a><\/div>\n<div style=\"text-align: center;\"><strong><span style=\"color: #ff9900;\"><em>Fin Octobre :<\/em><\/span><\/strong><br \/>\n<strong>L&rsquo;hiver arrive mais les <span style=\"color: #000000;\">c\u0153urs<\/span> se<span style=\"color: #000000;\"> r\u00e9chauffent autour du feu,<br \/>\navec l&rsquo;incontournable <\/span><span style=\"color: #339966;\">F\u00eate des ch\u00e2taignes !<\/span><\/strong><\/div>\n<div><a href=\"https:\/\/www.thiery.fr\/wp-content\/uploads\/51813400_990287974692468_2933353867351425024_n.jpg\"><img loading=\"lazy\" decoding=\"async\" class=\"aligncenter  wp-image-3239\" src=\"https:\/\/www.thiery.fr\/wp-content\/uploads\/51813400_990287974692468_2933353867351425024_n.jpg\" alt=\"\" width=\"383\" height=\"238\" \/><\/a><\/div>\n<div style=\"text-align: center;\"><strong><span style=\"color: #000000;\">Et pour en savoir plus sur tout ce beau programme<br \/>\net d\u00e9couvrir les \u00e9v\u00e8nements \u00e0 venir&#8230;<br \/>\nc&rsquo;est <span style=\"color: #ff9900;\"><a style=\"color: #ff9900;\" href=\"https:\/\/www.thiery.fr\/\">par ici en page d&rsquo;accueil<\/a><\/span><br \/>\nou sur la <a href=\"https:\/\/www.facebook.com\/comitethiery\/?locale=fr_FR\"><span style=\"color: #ff9900;\">page facebook du Comit\u00e9 des F\u00eates !<\/span><\/a><\/span><\/strong><\/div>\n<div style=\"text-align: center;\"><\/div>\n<div style=\"text-align: center;\"><a href=\"https:\/\/www.thiery.fr\/wp-content\/uploads\/36589377426_b4a14c3b5b_w.jpg\"><img loading=\"lazy\" decoding=\"async\" class=\"aligncenter size-full wp-image-3233\" src=\"https:\/\/www.thiery.fr\/wp-content\/uploads\/36589377426_b4a14c3b5b_w.jpg\" alt=\"\" width=\"400\" height=\"225\" srcset=\"https:\/\/www.thiery.fr\/wp-content\/uploads\/36589377426_b4a14c3b5b_w.jpg 400w, https:\/\/www.thiery.fr\/wp-content\/uploads\/36589377426_b4a14c3b5b_w-300x169.jpg 300w\" sizes=\"auto, (max-width: 400px) 100vw, 400px\" \/><\/a><\/div>\n","protected":false},"excerpt":{"rendered":"<p>Entre festivit\u00e9s et traditions montagnardes perp\u00e9tu\u00e9es ou remises au gout du jour, de beaux programmes festifs font battre le c\u0153ur de nos vall\u00e9es. Chaque ann\u00e9e, &#8211; et depuis toujours ! &#8211; les Tubans ne manquent pas \u00e0 l&rsquo;appel et se &hellip; <a href=\"https:\/\/www.thiery.fr\/?page_id=2732\">Continuer la lecture <span class=\"meta-nav\">&rarr;<\/span><\/a><\/p>\n","protected":false},"author":1,"featured_media":0,"parent":0,"menu_order":0,"comment_status":"closed","ping_status":"closed","template":"","meta":{"footnotes":""},"class_list":["post-2732","page","type-page","status-publish","hentry"],"_links":{"self":[{"href":"https:\/\/www.thiery.fr\/index.php?rest_route=\/wp\/v2\/pages\/2732","targetHints":{"allow":["GET"]}}],"collection":[{"href":"https:\/\/www.thiery.fr\/index.php?rest_route=\/wp\/v2\/pages"}],"about":[{"href":"https:\/\/www.thiery.fr\/index.php?rest_route=\/wp\/v2\/types\/page"}],"author":[{"embeddable":true,"href":"https:\/\/www.thiery.fr\/index.php?rest_route=\/wp\/v2\/users\/1"}],"replies":[{"embeddable":true,"href":"https:\/\/www.thiery.fr\/index.php?rest_route=%2Fwp%2Fv2%2Fcomments&post=2732"}],"version-history":[{"count":36,"href":"https:\/\/www.thiery.fr\/index.php?rest_route=\/wp\/v2\/pages\/2732\/revisions"}],"predecessor-version":[{"id":3256,"href":"https:\/\/www.thiery.fr\/index.php?rest_route=\/wp\/v2\/pages\/2732\/revisions\/3256"}],"wp:attachment":[{"href":"https:\/\/www.thiery.fr\/index.php?rest_route=%2Fwp%2Fv2%2Fmedia&parent=2732"}],"curies":[{"name":"wp","href":"https:\/\/api.w.org\/{rel}","templated":true}]}}