{"id":2870,"date":"2020-12-23T11:08:50","date_gmt":"2020-12-23T11:08:50","guid":{"rendered":"http:\/\/www.thiery.fr\/?page_id=2870"},"modified":"2025-02-23T19:57:18","modified_gmt":"2025-02-23T19:57:18","slug":"actualites","status":"publish","type":"page","link":"https:\/\/www.thiery.fr\/","title":{"rendered":"Accueil"},"content":{"rendered":"<p style=\"text-align: center;\"><span style=\"color: #ff0000;\"><strong>&#8212;&#8212;&#8212;&#8212;&#8212;&#8212;&#8211; INFOS A LA UNE &#8212;&#8212;&#8212;&#8212;&#8212;&#8212;&#8212;&#8212;<\/strong><\/span><\/p>\n<p><a href=\"https:\/\/www.thiery.fr\/wp-content\/uploads\/ODJ-Conseil-du-7-Septembre-2024.pdf\">ODJ Conseil du 7 Septembre 2024<\/a><\/p>\n<p><a href=\"https:\/\/www.thiery.fr\/wp-content\/uploads\/conseil-070924.png\"><img loading=\"lazy\" decoding=\"async\" class=\"aligncenter wp-image-3427\" src=\"https:\/\/www.thiery.fr\/wp-content\/uploads\/conseil-070924-300x289.png\" alt=\"\" width=\"404\" height=\"390\" srcset=\"https:\/\/www.thiery.fr\/wp-content\/uploads\/conseil-070924-300x289.png 300w, https:\/\/www.thiery.fr\/wp-content\/uploads\/conseil-070924-311x300.png 311w, https:\/\/www.thiery.fr\/wp-content\/uploads\/conseil-070924.png 554w\" sizes=\"auto, (max-width: 404px) 100vw, 404px\" \/><\/a><\/p>\n<p><strong><span style=\"background-color: #00ff00;\">Festin de Thi\u00e8ry<\/span> <\/strong><\/p>\n<p><a href=\"https:\/\/www.thiery.fr\/wp-content\/uploads\/festin-2024.jpg\"><img loading=\"lazy\" decoding=\"async\" class=\"aligncenter wp-image-3423\" src=\"https:\/\/www.thiery.fr\/wp-content\/uploads\/festin-2024-724x1024.jpg\" alt=\"\" width=\"353\" height=\"495\" \/><\/a><\/p>\n<p><span style=\"background-color: #ff6600;\">Conseil Municipal 29\/\/06\/2024<\/span><\/p>\n<p><a href=\"https:\/\/www.thiery.fr\/wp-content\/uploads\/conseil-29-06-2024.png\"><img loading=\"lazy\" decoding=\"async\" class=\"aligncenter size-medium wp-image-3421\" src=\"https:\/\/www.thiery.fr\/wp-content\/uploads\/conseil-29-06-2024-244x300.png\" alt=\"\" width=\"244\" height=\"300\" srcset=\"https:\/\/www.thiery.fr\/wp-content\/uploads\/conseil-29-06-2024-244x300.png 244w, https:\/\/www.thiery.fr\/wp-content\/uploads\/conseil-29-06-2024.png 443w\" sizes=\"auto, (max-width: 244px) 100vw, 244px\" \/><\/a><\/p>\n<h2 class=\"hP\" tabindex=\"-1\" data-thread-perm-id=\"thread-f:1801396325081528063\" data-legacy-thread-id=\"18ffd869d82db6ff\"><span style=\"background-color: #00ffff;\">R\u00e9sultat du contr\u00f4le sanitaire de l&rsquo;eau destin\u00e9e \u00e0 la consommation humaine<\/span><\/h2>\n<p><a href=\"https:\/\/www.thiery.fr\/wp-content\/uploads\/00142.pdf\"> R\u00e9sultat eau Thiery<\/a><\/p>\n<p><span style=\"background-color: #ff9900;\">F\u00eate du pain Samedi 18 et Dimanche 19 mai 2024<\/span><\/p>\n<p><a href=\"https:\/\/www.thiery.fr\/wp-content\/uploads\/PHOTO-2024-05-04-20-04-56.jpg\"><img loading=\"lazy\" decoding=\"async\" class=\"aligncenter size-medium wp-image-3409\" src=\"https:\/\/www.thiery.fr\/wp-content\/uploads\/PHOTO-2024-05-04-20-04-56-300x300.jpg\" alt=\"\" width=\"300\" height=\"300\" srcset=\"https:\/\/www.thiery.fr\/wp-content\/uploads\/PHOTO-2024-05-04-20-04-56-300x300.jpg 300w, https:\/\/www.thiery.fr\/wp-content\/uploads\/PHOTO-2024-05-04-20-04-56-1024x1024.jpg 1024w, https:\/\/www.thiery.fr\/wp-content\/uploads\/PHOTO-2024-05-04-20-04-56-150x150.jpg 150w, https:\/\/www.thiery.fr\/wp-content\/uploads\/PHOTO-2024-05-04-20-04-56-768x768.jpg 768w, https:\/\/www.thiery.fr\/wp-content\/uploads\/PHOTO-2024-05-04-20-04-56.jpg 1080w\" sizes=\"auto, (max-width: 300px) 100vw, 300px\" \/><\/a><\/p>\n<p><strong><span style=\"color: #ffffff;\"><\/span><span style=\"background-color: #0000ff; color: #ffffff;\">C\u00e9r\u00e9monie du 8 mai 2024 <a href=\"https:\/\/www.thiery.fr\/wp-content\/uploads\/8MAI24.png\"><img loading=\"lazy\" decoding=\"async\" class=\"aligncenter wp-image-3406\" src=\"https:\/\/www.thiery.fr\/wp-content\/uploads\/8MAI24.png\" alt=\"\" width=\"353\" height=\"496\" \/><\/a><\/span><\/strong><strong><span style=\"color: #ff0000;\"><\/span><span style=\"color: #ff0000; background-color: #ffff00;\">Travaux sur la RD 226 entre Villars-sur-Var et Thi\u00e9ry du 22\/04\/24 au 10\/05\/24<br \/>\n<\/span><\/strong><strong style=\"font-size: inherit;\"><span style=\"color: #ff0000;\">Circulation altern\u00e9e entre 7h et 17h sauf weekends et jours f\u00e9ri\u00e9s<br \/>\n<\/span><\/strong>Veuillez trouver, ci-joint, l\u2019arr\u00eat\u00e9 de police\u00a0 <a href=\"https:\/\/www.thiery.fr\/wp-content\/uploads\/2024-04-72.pdf\">2024-04-72<\/a>, r\u00e9glementant, de la signature du <strong>22\/04\/24 au 10\/5\/24, l<\/strong>a circulation et le stationnement, en et hors agglom\u00e9ration, <strong>sur la RD 226<\/strong>, entre les PR 0+000 et 13+699 pour l\u2019ex\u00e9cution de <strong>travaux de remplacement d\u2019implantation de poteaux t\u00e9l\u00e9com, sur le territoire des communes de Villars-sur-Var et Thi\u00e9ry.<\/strong><\/p>\n<p><span style=\"color: #ff0000;\"><strong><\/strong><\/span><span style=\"color: #ff0000; background-color: #ffff00;\"><strong>Travaux dans la Mescla entre Malauss\u00e8ne et la carri\u00e8re Bermont :<\/strong><br \/>\n<\/span>Vous trouverez <a href=\"https:\/\/www.thiery.fr\/wp-content\/uploads\/2024-03-56.pdf\">ici<\/a> l\u2019arr\u00eat\u00e9 2024-03-56 concernant des travaux dans la Mescla entre Malauss\u00e8ne et la carri\u00e8re Bermont \u00e0 partir du lundi 08\/04<br \/>\nIl s\u2019agit de travaux de mise au gabarit sur des points bien pr\u00e9cis pour am\u00e9liorer la s\u00e9curit\u00e9 des usagers de la route.<br \/>\n<strong>Pour votre information : <\/strong><strong>La RD 6202 sera ferm\u00e9e de 21h00 \u00e0 6h00<\/strong> avec d\u00e9viation possible pour les v\u00e9hicules l\u00e9gers par la RD26 ou la RD2211a (col Saint-Rapha\u00ebl).<\/p>\n<p><strong><\/strong><span style=\"background-color: #00ccff;\"><strong>Soir\u00e9es ESTIVALES \u00e0 Thi\u00e9ry 2024<br \/>\n<\/strong><\/span>A vos agendas : cette ann\u00e9e encore nous b\u00e9n\u00e9ficierons de <strong>4 spectacles offerts<\/strong> <strong>par le Conseil D\u00e9partemental<\/strong> <strong>06<\/strong>. Notez ces dates, plus d&rsquo;informations \u00e0 venir !<\/p>\n<table style=\"height: 98px; width: 100.977%; background-color: #e4f1f5;\" width=\"100.977%\">\n<tbody>\n<tr style=\"height: 23px;\">\n<td style=\"height: 23px;\"><span style=\"color: #808080;\"><strong><em>T.A.A.A. &#8211; LES COPROPRIETAIRES<\/em><\/strong><\/span><\/td>\n<td style=\"height: 23px;\" width=\"7%\"><span style=\"color: #808080;\"><strong><em>27\/07\/2024<\/em><\/strong><\/span><\/td>\n<\/tr>\n<tr style=\"height: 32px;\">\n<td style=\"height: 32px;\"><span style=\"color: #808080;\"><strong><em>Trio \u00ab\u00a0THE BZZZ\u00a0\u00bb<\/em><\/strong><\/span><\/td>\n<td style=\"height: 32px;\" width=\"7%\"><span style=\"color: #808080;\"><strong><em>20\/07\/2024<\/em><\/strong><\/span><\/td>\n<\/tr>\n<tr style=\"height: 17px;\">\n<td style=\"height: 17px;\"><span style=\"color: #808080;\"><strong><em>Serpico<\/em><\/strong><\/span><\/td>\n<td style=\"height: 17px;\" width=\"7%\"><span style=\"color: #808080;\"><strong><em>13\/07\/2024<\/em><\/strong><\/span><\/td>\n<\/tr>\n<tr style=\"height: 26px;\">\n<td style=\"height: 26px;\"><span style=\"color: #808080;\"><strong><em>Ensemble Baroque de Nice<\/em><\/strong><\/span><\/td>\n<td style=\"height: 26px;\" width=\"7%\"><span style=\"color: #808080;\"><strong><em>06\/07\/2024<\/em><\/strong><\/span><\/td>\n<\/tr>\n<\/tbody>\n<\/table>\n<p style=\"text-align: left;\"><span style=\"color: #ff0000;\"><strong><\/strong><\/span><span style=\"background-color: #ffff00;\"><span style=\"color: #ff0000; background-color: #000000;\"><span style=\"background-color: #99cc00; color: #000000;\"><strong>DECHETERIES : Carte d&rsquo;acc\u00e8s obligatoire d\u00e8s 2024<\/strong><\/span><br \/>\n<a href=\"https:\/\/www.thiery.fr\/wp-content\/uploads\/Affiche-Badges-Decheteries-01_01_24.jpg\"><img loading=\"lazy\" decoding=\"async\" class=\"aligncenter wp-image-3343\" src=\"https:\/\/www.thiery.fr\/wp-content\/uploads\/Affiche-Badges-Decheteries-01_01_24-724x1024.jpg\" alt=\"\" width=\"240\" height=\"336\" \/><\/a><\/span><\/span><\/p>\n<p style=\"text-align: center;\"><span style=\"color: #3366ff;\"><strong>&#8212;&#8212;&#8212;&#8212;&#8212;&#8212;&#8212;&#8212; ACTUALITES &#8212;&#8212;&#8212;&#8212;&#8212;&#8212;&#8212;&#8212;<\/strong><\/span><\/p>\n<p><span style=\"background-color: #00ff00;\"><strong>E<\/strong><strong>v\u00e8nement Alpes d&rsquo;Azur: Les RENDEZ-VOUS des SENTIERS GOURMANDS<br \/>\n<\/strong><\/span><strong>Au programme:\u00a0 Randonn\u00e9e, cueillette et d\u00e9gustation<br \/>\n<\/strong><strong>Samedi 4 et dimanche 5 mai \u00e0 LIEUCHE et le samedi 1 et dimanche 2 juin \u00e0 PIERLAS<br \/>\n<\/strong>Randonn\u00e9es et ateliers gratuits<br \/>\nD\u00e9jeuner \u00e0 l\u2019auberge payant<br \/>\nSur inscription obligatoire au 07 63 14 71 23 ou par mail \u00e0 tourisme@alpesdazur.fr<br \/>\nPlus de d\u00e9tails ici: <a href=\"https:\/\/www.thiery.fr\/wp-content\/uploads\/RDV-des-Sentiers-Gourmands_04-05-mai-Lieuche_01-02-juin-Pierlas.pdf\">RDV des Sentiers Gourmands_04-05 mai Lieuche_01-02 juin Pierlas<\/a><\/p>\n<p><a href=\"https:\/\/www.thiery.fr\/wp-content\/uploads\/sentier-gourmands-2024-1.png\"><img loading=\"lazy\" decoding=\"async\" class=\"wp-image-3387 aligncenter\" src=\"https:\/\/www.thiery.fr\/wp-content\/uploads\/sentier-gourmands-2024-1-217x300.png\" alt=\"\" width=\"274\" height=\"373\" \/><\/a><\/p>\n<p><strong>Conseil municipal du samedi 13\/04\/2024:<\/strong><\/p>\n<p><a href=\"https:\/\/www.thiery.fr\/wp-content\/uploads\/OJ-Conseil-Municipal-13-Avril-20241.pdf\">OJ Conseil Municipal 13 Avril 2024(1)<\/a><\/p>\n<p><a href=\"https:\/\/www.thiery.fr\/wp-content\/uploads\/Conseil-130424.png\"><img loading=\"lazy\" decoding=\"async\" class=\"aligncenter size-medium wp-image-3385\" src=\"https:\/\/www.thiery.fr\/wp-content\/uploads\/Conseil-130424-268x300.png\" alt=\"\" width=\"268\" height=\"300\" srcset=\"https:\/\/www.thiery.fr\/wp-content\/uploads\/Conseil-130424-268x300.png 268w, https:\/\/www.thiery.fr\/wp-content\/uploads\/Conseil-130424.png 472w\" sizes=\"auto, (max-width: 268px) 100vw, 268px\" \/><\/a><\/p>\n<p><strong>Conseil municipal du Samedi 23\/03\/2024 :<\/strong><\/p>\n<p><a href=\"https:\/\/www.thiery.fr\/wp-content\/uploads\/conseil-23032024.pdf\">conseil 23032024<\/a><\/p>\n<p><a href=\"https:\/\/www.thiery.fr\/wp-content\/uploads\/conseil-13032024.png\"><img loading=\"lazy\" decoding=\"async\" class=\"aligncenter wp-image-3366\" src=\"https:\/\/www.thiery.fr\/wp-content\/uploads\/conseil-13032024-214x300.png\" alt=\"\" width=\"343\" height=\"475\" \/><\/a><\/p>\n<p><strong>Conseil municipal samedi 02\/12\/2023<\/strong><\/p>\n<p><a href=\"https:\/\/www.thiery.fr\/wp-content\/uploads\/convocation-conseil-municipal-du-2-12-2023.pdf\">convocation conseil municipal du 2-12-2023<\/a><\/p>\n<p><a href=\"https:\/\/www.thiery.fr\/wp-content\/uploads\/conseil-02122024.png\"><img loading=\"lazy\" decoding=\"async\" class=\"aligncenter wp-image-3356\" src=\"https:\/\/www.thiery.fr\/wp-content\/uploads\/conseil-02122024-300x292.png\" alt=\"\" width=\"359\" height=\"349\" srcset=\"https:\/\/www.thiery.fr\/wp-content\/uploads\/conseil-02122024-300x292.png 300w, https:\/\/www.thiery.fr\/wp-content\/uploads\/conseil-02122024-308x300.png 308w, https:\/\/www.thiery.fr\/wp-content\/uploads\/conseil-02122024.png 563w\" sizes=\"auto, (max-width: 359px) 100vw, 359px\" \/><\/a><\/p>\n<p><strong style=\"font-size: inherit;\">R\u00e9union du conseil municipal samedi 21 octobre 2023<\/strong><\/p>\n<p><strong><a href=\"https:\/\/www.thiery.fr\/wp-content\/uploads\/CONVOCATION.CONSEIL-MUNICIPAL-DU-21-10-2023.pdf\">CONVOCATION.CONSEIL MUNICIPAL DU 21-10-2023<\/a><\/strong><\/p>\n<p><a href=\"https:\/\/www.thiery.fr\/wp-content\/uploads\/conseil-21102023.png\"><img loading=\"lazy\" decoding=\"async\" class=\"aligncenter wp-image-3321\" src=\"https:\/\/www.thiery.fr\/wp-content\/uploads\/conseil-21102023-233x300.png\" alt=\"\" width=\"365\" height=\"467\" \/><\/a><\/p>\n<p><strong>Conseil municipal 13\/07\/2023<\/strong><\/p>\n<p><a href=\"https:\/\/www.thiery.fr\/wp-content\/uploads\/Ouvrir-convocation-ordre-du-jour.png\"><img loading=\"lazy\" decoding=\"async\" class=\"aligncenter wp-image-3305\" src=\"https:\/\/www.thiery.fr\/wp-content\/uploads\/Ouvrir-convocation-ordre-du-jour-229x300.png\" alt=\"\" width=\"400\" height=\"525\" srcset=\"https:\/\/www.thiery.fr\/wp-content\/uploads\/Ouvrir-convocation-ordre-du-jour-229x300.png 229w, https:\/\/www.thiery.fr\/wp-content\/uploads\/Ouvrir-convocation-ordre-du-jour-780x1024.png 780w, https:\/\/www.thiery.fr\/wp-content\/uploads\/Ouvrir-convocation-ordre-du-jour-768x1008.png 768w, https:\/\/www.thiery.fr\/wp-content\/uploads\/Ouvrir-convocation-ordre-du-jour-1170x1536.png 1170w, https:\/\/www.thiery.fr\/wp-content\/uploads\/Ouvrir-convocation-ordre-du-jour.png 1443w\" sizes=\"auto, (max-width: 400px) 100vw, 400px\" \/><\/a><\/p>\n<p><strong>Conseil municipal 14\/04\/2023 <\/strong><\/p>\n<p><a href=\"https:\/\/www.thiery.fr\/wp-content\/uploads\/conseil-140423.png\"><img loading=\"lazy\" decoding=\"async\" class=\"aligncenter wp-image-3190\" src=\"https:\/\/www.thiery.fr\/wp-content\/uploads\/conseil-140423.png\" alt=\"\" width=\"471\" height=\"607\" \/><\/a><\/p>\n<p><strong>Conseil municipal 12\/03\/2023<\/strong><\/p>\n<p><a href=\"https:\/\/www.thiery.fr\/wp-content\/uploads\/conseil-12032023.png\"><img loading=\"lazy\" decoding=\"async\" class=\"aligncenter size-full wp-image-3187\" src=\"https:\/\/www.thiery.fr\/wp-content\/uploads\/conseil-12032023.png\" alt=\"\" width=\"412\" height=\"540\" srcset=\"https:\/\/www.thiery.fr\/wp-content\/uploads\/conseil-12032023.png 412w, https:\/\/www.thiery.fr\/wp-content\/uploads\/conseil-12032023-229x300.png 229w\" sizes=\"auto, (max-width: 412px) 100vw, 412px\" \/><\/a><\/p>\n<p><strong>2023 : Mise en service d&rsquo;une borne de recharge pour v\u00e9hicules \u00e9lectriques sur le parking du haut du village.<\/strong><\/p>\n<p><a href=\"https:\/\/www.thiery.fr\/wp-content\/uploads\/52645898081_c4c34c054c_o-scaled.jpg\"><img loading=\"lazy\" decoding=\"async\" class=\"aligncenter size-full wp-image-3183\" src=\"https:\/\/www.thiery.fr\/wp-content\/uploads\/52645898081_c4c34c054c_o-scaled.jpg\" alt=\"\" width=\"2560\" height=\"1317\" srcset=\"https:\/\/www.thiery.fr\/wp-content\/uploads\/52645898081_c4c34c054c_o-scaled.jpg 2560w, https:\/\/www.thiery.fr\/wp-content\/uploads\/52645898081_c4c34c054c_o-300x154.jpg 300w, https:\/\/www.thiery.fr\/wp-content\/uploads\/52645898081_c4c34c054c_o-1024x527.jpg 1024w, https:\/\/www.thiery.fr\/wp-content\/uploads\/52645898081_c4c34c054c_o-768x395.jpg 768w, https:\/\/www.thiery.fr\/wp-content\/uploads\/52645898081_c4c34c054c_o-1536x790.jpg 1536w, https:\/\/www.thiery.fr\/wp-content\/uploads\/52645898081_c4c34c054c_o-2048x1054.jpg 2048w, https:\/\/www.thiery.fr\/wp-content\/uploads\/52645898081_c4c34c054c_o-500x257.jpg 500w\" sizes=\"auto, (max-width: 2560px) 100vw, 2560px\" \/><\/a><\/p>\n<p><strong>Conseil municipal 17\/12\/2022<\/strong><\/p>\n<p><a href=\"https:\/\/www.thiery.fr\/wp-content\/uploads\/conseil-17122022.jpg\"><img loading=\"lazy\" decoding=\"async\" class=\"aligncenter size-full wp-image-3173\" src=\"https:\/\/www.thiery.fr\/wp-content\/uploads\/conseil-17122022.jpg\" alt=\"\" width=\"404\" height=\"525\" srcset=\"https:\/\/www.thiery.fr\/wp-content\/uploads\/conseil-17122022.jpg 404w, https:\/\/www.thiery.fr\/wp-content\/uploads\/conseil-17122022-231x300.jpg 231w\" sizes=\"auto, (max-width: 404px) 100vw, 404px\" \/><\/a><\/p>\n<p><strong>Conseil municipal 10\/12\/2022<\/strong><\/p>\n<p><a href=\"https:\/\/www.thiery.fr\/wp-content\/uploads\/conseil-051222.jpg\"><img loading=\"lazy\" decoding=\"async\" class=\"aligncenter size-full wp-image-3168\" src=\"https:\/\/www.thiery.fr\/wp-content\/uploads\/conseil-051222.jpg\" alt=\"\" width=\"402\" height=\"527\" srcset=\"https:\/\/www.thiery.fr\/wp-content\/uploads\/conseil-051222.jpg 402w, https:\/\/www.thiery.fr\/wp-content\/uploads\/conseil-051222-229x300.jpg 229w\" sizes=\"auto, (max-width: 402px) 100vw, 402px\" \/><\/a><\/p>\n<p><span style=\"color: #000000; font-weight: bold;\">Obligation d\u2019\u00e9quipements sp\u00e9ciaux en p\u00e9riode hivernale \u2013 Arr\u00eat\u00e9 pr\u00e9fectoral n\u00b0 59\/2022, modificatif de l\u2019A.P. n\u00b073\/2021.<\/span><\/p>\n<div class=\"ha\">\n<div id=\":of\" class=\"pG\" role=\"img\" data-tooltip-contained=\"true\" data-tooltip-align=\"b,l\" data-tooltip-delay=\"1500\" aria-label=\"Ce message est important, en particulier parce que vous lisez souvent les messages associ\u00e9s \u00e0 ce libell\u00e9.\">\n<div class=\"pH a9q\" tabindex=\"0\"><a href=\"https:\/\/www.thiery.fr\/wp-content\/uploads\/2022-10-10-AP_59-2022_modificatif_de-lAP_73-2021_equipements-speciaux-hiver.pdf\">2022-10-10 AP_59-2022_modificatif_de l&rsquo;AP_73-2021_\u00e9quipements sp\u00e9ciaux hiver<\/a><\/div>\n<div tabindex=\"0\"><\/div>\n<\/div>\n<div class=\"bnj \"><img decoding=\"async\" class=\"aligncenter\" src=\"https:\/\/th.bing.com\/th\/id\/OIP.dJhIkcQAq_qM-xbnRCY8AgHaE8?pid=ImgDet&amp;rs=1\" alt=\"Comment monter ses \u00e9quipements hiver ? [Vid\u00e9o] - Chacun sa route\" \/><\/div>\n<\/div>\n<p><strong>EAU\u00a0 &#8211; Briu 9\/07\/2022<\/strong><\/p>\n<div style=\"width: 584px;\" class=\"wp-video\"><!--[if lt IE 9]><script>document.createElement('video');<\/script><![endif]-->\n<video class=\"wp-video-shortcode\" id=\"video-2870-1\" width=\"584\" height=\"321\" preload=\"metadata\" controls=\"controls\"><source type=\"video\/mp4\" src=\"https:\/\/www.thiery.fr\/wp-content\/uploads\/VIDEO-2022-07-09-18-21-41.mp4?_=1\" \/><a href=\"https:\/\/www.thiery.fr\/wp-content\/uploads\/VIDEO-2022-07-09-18-21-41.mp4\">https:\/\/www.thiery.fr\/wp-content\/uploads\/VIDEO-2022-07-09-18-21-41.mp4<\/a><\/video><\/div>\n<p><strong>EAU &#8211; Roudiquiery 9\/07\/2022<\/strong><\/p>\n<div style=\"width: 584px;\" class=\"wp-video\"><video class=\"wp-video-shortcode\" id=\"video-2870-2\" width=\"584\" height=\"321\" preload=\"metadata\" controls=\"controls\"><source type=\"video\/mp4\" src=\"https:\/\/www.thiery.fr\/wp-content\/uploads\/VIDEO-2022-07-09-18-12-201.mp4?_=2\" \/><a href=\"https:\/\/www.thiery.fr\/wp-content\/uploads\/VIDEO-2022-07-09-18-12-201.mp4\">https:\/\/www.thiery.fr\/wp-content\/uploads\/VIDEO-2022-07-09-18-12-201.mp4<\/a><\/video><\/div>\n<p><strong>Conseil municipal &#8211; Vendredi 17 juin 2022<\/strong><\/p>\n<p><a href=\"https:\/\/www.thiery.fr\/wp-content\/uploads\/conseil-170622.jpg\"><img loading=\"lazy\" decoding=\"async\" class=\"aligncenter size-full wp-image-3120\" src=\"https:\/\/www.thiery.fr\/wp-content\/uploads\/conseil-170622.jpg\" alt=\"\" width=\"690\" height=\"902\" srcset=\"https:\/\/www.thiery.fr\/wp-content\/uploads\/conseil-170622.jpg 690w, https:\/\/www.thiery.fr\/wp-content\/uploads\/conseil-170622-229x300.jpg 229w\" sizes=\"auto, (max-width: 690px) 100vw, 690px\" \/><\/a><\/p>\n<p><strong>\u00a0<\/strong><strong>PLAN D&rsquo;ACTION SECHERESSE 2022<br \/>\nMerci de prendre connaissance de l&rsquo;arr\u00eat\u00e9 suivant :<\/strong><\/p>\n<p><a href=\"https:\/\/www.thiery.fr\/wp-content\/uploads\/ARRETE.secheresse-mars-2022.jpg\"><img loading=\"lazy\" decoding=\"async\" class=\"aligncenter size-full wp-image-3098\" src=\"https:\/\/www.thiery.fr\/wp-content\/uploads\/ARRETE.secheresse-mars-2022.jpg\" alt=\"\" width=\"791\" height=\"1024\" srcset=\"https:\/\/www.thiery.fr\/wp-content\/uploads\/ARRETE.secheresse-mars-2022.jpg 791w, https:\/\/www.thiery.fr\/wp-content\/uploads\/ARRETE.secheresse-mars-2022-232x300.jpg 232w, https:\/\/www.thiery.fr\/wp-content\/uploads\/ARRETE.secheresse-mars-2022-768x994.jpg 768w\" sizes=\"auto, (max-width: 791px) 100vw, 791px\" \/><\/a><\/p>\n","protected":false},"excerpt":{"rendered":"<p>&#8212;&#8212;&#8212;&#8212;&#8212;&#8212;&#8211; INFOS A LA UNE &#8212;&#8212;&#8212;&#8212;&#8212;&#8212;&#8212;&#8212; ODJ Conseil du 7 Septembre 2024 Festin de Thi\u00e8ry Conseil Municipal 29\/\/06\/2024 R\u00e9sultat du contr\u00f4le sanitaire de l&rsquo;eau destin\u00e9e \u00e0 la consommation humaine R\u00e9sultat eau Thiery F\u00eate du pain Samedi 18 et Dimanche 19 &hellip; <a href=\"https:\/\/www.thiery.fr\/\">Continuer la lecture <span class=\"meta-nav\">&rarr;<\/span><\/a><\/p>\n","protected":false},"author":1,"featured_media":0,"parent":0,"menu_order":0,"comment_status":"closed","ping_status":"closed","template":"","meta":{"footnotes":""},"class_list":["post-2870","page","type-page","status-publish","hentry"],"_links":{"self":[{"href":"https:\/\/www.thiery.fr\/index.php?rest_route=\/wp\/v2\/pages\/2870","targetHints":{"allow":["GET"]}}],"collection":[{"href":"https:\/\/www.thiery.fr\/index.php?rest_route=\/wp\/v2\/pages"}],"about":[{"href":"https:\/\/www.thiery.fr\/index.php?rest_route=\/wp\/v2\/types\/page"}],"author":[{"embeddable":true,"href":"https:\/\/www.thiery.fr\/index.php?rest_route=\/wp\/v2\/users\/1"}],"replies":[{"embeddable":true,"href":"https:\/\/www.thiery.fr\/index.php?rest_route=%2Fwp%2Fv2%2Fcomments&post=2870"}],"version-history":[{"count":185,"href":"https:\/\/www.thiery.fr\/index.php?rest_route=\/wp\/v2\/pages\/2870\/revisions"}],"predecessor-version":[{"id":3439,"href":"https:\/\/www.thiery.fr\/index.php?rest_route=\/wp\/v2\/pages\/2870\/revisions\/3439"}],"wp:attachment":[{"href":"https:\/\/www.thiery.fr\/index.php?rest_route=%2Fwp%2Fv2%2Fmedia&parent=2870"}],"curies":[{"name":"wp","href":"https:\/\/api.w.org\/{rel}","templated":true}]}}