{"id":290,"date":"2014-04-11T08:51:39","date_gmt":"2014-04-11T08:51:39","guid":{"rendered":"http:\/\/www.thiery.fr\/?page_id=290"},"modified":"2020-12-24T00:10:54","modified_gmt":"2020-12-24T00:10:54","slug":"contactez-la-mairie","status":"publish","type":"page","link":"https:\/\/www.thiery.fr\/?page_id=290","title":{"rendered":"Contactez la mairie"},"content":{"rendered":"<p><span style=\"font-size: 14pt;\"><strong>Coordonn\u00e9es :<\/strong><\/span><\/p>\n<table class=\"infotable\" style=\"width: 100%; height: 168px;\">\n<thead><\/thead>\n<tbody>\n<tr style=\"height: 24px;\">\n<td style=\"height: 24px;\">Voie postale<\/td>\n<td style=\"height: 24px;\">6 la Carri\u00e8re<\/td>\n<\/tr>\n<tr style=\"height: 24px;\">\n<td style=\"height: 24px;\">Code postal<\/td>\n<td style=\"height: 24px;\">06710<\/td>\n<\/tr>\n<tr style=\"height: 24px;\">\n<td style=\"height: 24px;\">Commune\/ville<\/td>\n<td style=\"height: 24px;\">Thi\u00e9ry<\/td>\n<\/tr>\n<tr style=\"height: 24px;\">\n<td style=\"height: 24px;\"><\/td>\n<td style=\"height: 24px;\"><\/td>\n<\/tr>\n<tr style=\"height: 24px;\">\n<td style=\"height: 24px;\">Num\u00e9ro de t\u00e9l\u00e9phone<\/td>\n<td style=\"height: 24px;\">04 93 05 79 98<\/td>\n<\/tr>\n<tr style=\"height: 24px;\">\n<td style=\"height: 24px;\">Adresse Mail<\/td>\n<td style=\"height: 24px;\">mairie.thiery@wanadoo.fr<\/td>\n<\/tr>\n<tr style=\"height: 24px;\">\n<td style=\"height: 24px;\">T\u00e9l\u00e9copie (fax)<\/td>\n<td style=\"height: 24px;\">04 93 05 79 98<\/td>\n<\/tr>\n<\/tbody>\n<\/table>\n<p><strong><span style=\"font-size: 14pt;\">Permanence du secr\u00e9tariat tous les lundi :<\/span><\/strong><\/p>\n<table class=\"infotable\">\n<thead>\n<tr>\n<th>Heure d&rsquo;ouverture<\/th>\n<th>Heure de fermeture<\/th>\n<\/tr>\n<\/thead>\n<tbody>\n<tr>\n<td>09:00<\/td>\n<td>12:30<\/td>\n<\/tr>\n<tr>\n<td>14:00<\/td>\n<td>18:00<\/td>\n<\/tr>\n<\/tbody>\n<\/table>\n<p><img decoding=\"async\" class=\"aligncenter\" src=\"https:\/\/fr.geneawiki.com\/images\/thumb\/a\/ab\/06139_-_Thi%C3%A9ry_Mairie.JPG\/160px-06139_-_Thi%C3%A9ry_Mairie.JPG\" alt=\"06139 - Thi\u00e9ry \u2014 Geneawiki\" \/><\/p>\n","protected":false},"excerpt":{"rendered":"<p>Coordonn\u00e9es : Voie postale 6 la Carri\u00e8re Code postal 06710 Commune\/ville Thi\u00e9ry Num\u00e9ro de t\u00e9l\u00e9phone 04 93 05 79 98 Adresse Mail mairie.thiery@wanadoo.fr T\u00e9l\u00e9copie (fax) 04 93 05 79 98 Permanence du secr\u00e9tariat tous les lundi : Heure d&rsquo;ouverture Heure &hellip; <a href=\"https:\/\/www.thiery.fr\/?page_id=290\">Continuer la lecture <span class=\"meta-nav\">&rarr;<\/span><\/a><\/p>\n","protected":false},"author":1,"featured_media":0,"parent":0,"menu_order":0,"comment_status":"closed","ping_status":"open","template":"","meta":{"footnotes":""},"class_list":["post-290","page","type-page","status-publish","hentry"],"_links":{"self":[{"href":"https:\/\/www.thiery.fr\/index.php?rest_route=\/wp\/v2\/pages\/290","targetHints":{"allow":["GET"]}}],"collection":[{"href":"https:\/\/www.thiery.fr\/index.php?rest_route=\/wp\/v2\/pages"}],"about":[{"href":"https:\/\/www.thiery.fr\/index.php?rest_route=\/wp\/v2\/types\/page"}],"author":[{"embeddable":true,"href":"https:\/\/www.thiery.fr\/index.php?rest_route=\/wp\/v2\/users\/1"}],"replies":[{"embeddable":true,"href":"https:\/\/www.thiery.fr\/index.php?rest_route=%2Fwp%2Fv2%2Fcomments&post=290"}],"version-history":[{"count":9,"href":"https:\/\/www.thiery.fr\/index.php?rest_route=\/wp\/v2\/pages\/290\/revisions"}],"predecessor-version":[{"id":2942,"href":"https:\/\/www.thiery.fr\/index.php?rest_route=\/wp\/v2\/pages\/290\/revisions\/2942"}],"wp:attachment":[{"href":"https:\/\/www.thiery.fr\/index.php?rest_route=%2Fwp%2Fv2%2Fmedia&parent=290"}],"curies":[{"name":"wp","href":"https:\/\/api.w.org\/{rel}","templated":true}]}}