{"id":544,"date":"2014-04-23T17:58:00","date_gmt":"2014-04-23T17:58:00","guid":{"rendered":"http:\/\/www.thiery.fr\/?page_id=544"},"modified":"2020-12-24T00:18:25","modified_gmt":"2020-12-24T00:18:25","slug":"conseil-municipal","status":"publish","type":"page","link":"https:\/\/www.thiery.fr\/?page_id=544","title":{"rendered":"Les \u00e9lus"},"content":{"rendered":"<p style=\"text-align: center;\"><strong>&#8211; <span style=\"color: #800000;\">Elections du 15 mars 2020 &#8211;<\/span><\/strong><\/p>\n<h1 style=\"text-align: center;\"><a href=\"https:\/\/www.thiery.fr\/wp-content\/uploads\/49937835556_d870777e10_o-scaled.jpg\"><img loading=\"lazy\" decoding=\"async\" class=\"aligncenter wp-image-2743 size-full\" src=\"https:\/\/www.thiery.fr\/wp-content\/uploads\/49937835556_d870777e10_o-scaled.jpg\" alt=\"\" width=\"2560\" height=\"1668\" srcset=\"https:\/\/www.thiery.fr\/wp-content\/uploads\/49937835556_d870777e10_o-scaled.jpg 2560w, https:\/\/www.thiery.fr\/wp-content\/uploads\/49937835556_d870777e10_o-300x195.jpg 300w, https:\/\/www.thiery.fr\/wp-content\/uploads\/49937835556_d870777e10_o-1024x667.jpg 1024w, https:\/\/www.thiery.fr\/wp-content\/uploads\/49937835556_d870777e10_o-768x500.jpg 768w, https:\/\/www.thiery.fr\/wp-content\/uploads\/49937835556_d870777e10_o-1536x1001.jpg 1536w, https:\/\/www.thiery.fr\/wp-content\/uploads\/49937835556_d870777e10_o-2048x1334.jpg 2048w, https:\/\/www.thiery.fr\/wp-content\/uploads\/49937835556_d870777e10_o-460x300.jpg 460w\" sizes=\"auto, (max-width: 2560px) 100vw, 2560px\" \/><\/a><\/h1>\n<h1 style=\"text-align: center;\"><span style=\"color: #993300;\"><em><span style=\"color: #000000;\">Monsieur GRANDBOUCHE Thierry<\/span><\/em><br \/>\nLe Maire <\/span><\/h1>\n<p style=\"text-align: center;\"><a href=\"https:\/\/www.thiery.fr\/wp-content\/uploads\/49937288098_442972cb7d_o-scaled.jpg\"><img loading=\"lazy\" decoding=\"async\" class=\"aligncenter wp-image-2744 \" src=\"https:\/\/www.thiery.fr\/wp-content\/uploads\/49937288098_442972cb7d_o-scaled.jpg\" alt=\"\" width=\"329\" height=\"578\" \/><\/a><\/p>\n<h1 style=\"text-align: center;\"><span style=\"color: #993300;\">Le Conseil Municipal\u00a0<\/span><\/h1>\n<h1 style=\"text-align: center;\">La mairie de Thi\u00e9ry est administr\u00e9e par un conseil municipal de 11 \u00e9lus Thi\u00e9rois :<\/h1>\n<table class=\"infotable aligncenter\" style=\"width: 113.354%;\">\n<thead>\n<tr>\n<th style=\"width: 38.8698%;\">Nom &amp; pr\u00e9nom<\/th>\n<th style=\"width: 12.4183%;\">Age<\/th>\n<th style=\"width: 65.2297%;\">Profession<\/th>\n<\/tr>\n<\/thead>\n<tbody>\n<tr>\n<td style=\"width: 38.8698%;\">Iris ACONIN<\/td>\n<td style=\"width: 12.4183%;\">45 ans<\/td>\n<td style=\"width: 65.2297%;\">Professeurs, professions scientifiques<\/td>\n<\/tr>\n<tr>\n<td style=\"width: 38.8698%;\">Emmanuelle ALAUX<\/td>\n<td style=\"width: 12.4183%;\">55 ans<\/td>\n<td style=\"width: 65.2297%;\">Cadres administratifs et commerciaux d&rsquo;entreprise<\/td>\n<\/tr>\n<tr>\n<td style=\"width: 38.8698%;\">Thierry ALVAREZ<br \/>\n(Troisi\u00e8me adjoint au maire)<\/td>\n<td style=\"width: 12.4183%;\">47 ans<\/td>\n<td style=\"width: 65.2297%;\">Professeurs, professions scientifiques<\/td>\n<\/tr>\n<tr>\n<td style=\"width: 38.8698%;\">Marion AUBERT<\/td>\n<td style=\"width: 12.4183%;\">29 ans<\/td>\n<td style=\"width: 65.2297%;\">Employ\u00e9s administratifs d&rsquo;entreprise<\/td>\n<\/tr>\n<tr>\n<td style=\"width: 38.8698%;\">Philippe AUBERT<\/td>\n<td style=\"width: 12.4183%;\">42 ans<\/td>\n<td style=\"width: 65.2297%;\">Artisans<\/td>\n<\/tr>\n<tr>\n<td style=\"width: 38.8698%;\">Sylvie BARANI<\/td>\n<td style=\"width: 12.4183%;\">55 ans<\/td>\n<td style=\"width: 65.2297%;\">Professeurs, professions scientifiques<\/td>\n<\/tr>\n<tr>\n<td style=\"width: 38.8698%;\">Bernard BONIFASSI<br \/>\n(Premier adjoint au maire)<\/td>\n<td style=\"width: 12.4183%;\">62 ans<\/td>\n<td style=\"width: 65.2297%;\">Anciens cadres<\/td>\n<\/tr>\n<tr>\n<td style=\"width: 38.8698%;\">Anne Marguerite CAGNOL<br \/>\n(Second adjoint au maire)<\/td>\n<td style=\"width: 12.4183%;\">63 ans<\/td>\n<td style=\"width: 65.2297%;\">Anciens artisans, commer\u00e7ants, chefs d&rsquo;entreprise<\/td>\n<\/tr>\n<tr>\n<td style=\"width: 38.8698%;\">Didier CAGNOL<\/td>\n<td style=\"width: 12.4183%;\">45 ans<\/td>\n<td style=\"width: 65.2297%;\">Commer\u00e7ants et assimil\u00e9s<\/td>\n<\/tr>\n<tr>\n<td style=\"width: 38.8698%;\">Philippe FESTINESI<\/td>\n<td style=\"width: 12.4183%;\">57 ans<\/td>\n<td style=\"width: 65.2297%;\">Cadres de la fonction publique<\/td>\n<\/tr>\n<tr>\n<td style=\"width: 38.8698%;\">Thierry GRANDBOUCHE<br \/>\n(Maire)<\/td>\n<td style=\"width: 12.4183%;\">55 ans<\/td>\n<td style=\"width: 65.2297%;\">Ing\u00e9nieurs et cadres techniques d&rsquo;entreprise<\/td>\n<\/tr>\n<\/tbody>\n<\/table>\n<p><a href=\"https:\/\/www.thiery.fr\/wp-content\/uploads\/mairie.jpg\"><img loading=\"lazy\" decoding=\"async\" class=\"aligncenter wp-image-1058 size-full\" src=\"https:\/\/www.thiery.fr\/wp-content\/uploads\/mairie.jpg\" alt=\"mairie\" width=\"281\" height=\"500\" srcset=\"https:\/\/www.thiery.fr\/wp-content\/uploads\/mairie.jpg 281w, https:\/\/www.thiery.fr\/wp-content\/uploads\/mairie-168x300.jpg 168w\" sizes=\"auto, (max-width: 281px) 100vw, 281px\" \/><\/a><\/p>\n<p>&nbsp;<\/p>\n<p>&nbsp;<\/p>\n<p>&nbsp;<\/p>\n<p>&nbsp;<\/p>\n","protected":false},"excerpt":{"rendered":"<p>&#8211; Elections du 15 mars 2020 &#8211; Monsieur GRANDBOUCHE Thierry Le Maire Le Conseil Municipal\u00a0 La mairie de Thi\u00e9ry est administr\u00e9e par un conseil municipal de 11 \u00e9lus Thi\u00e9rois : Nom &amp; pr\u00e9nom Age Profession Iris ACONIN 45 ans Professeurs, &hellip; <a href=\"https:\/\/www.thiery.fr\/?page_id=544\">Continuer la lecture <span class=\"meta-nav\">&rarr;<\/span><\/a><\/p>\n","protected":false},"author":1,"featured_media":0,"parent":0,"menu_order":0,"comment_status":"closed","ping_status":"closed","template":"","meta":{"footnotes":""},"class_list":["post-544","page","type-page","status-publish","hentry"],"_links":{"self":[{"href":"https:\/\/www.thiery.fr\/index.php?rest_route=\/wp\/v2\/pages\/544","targetHints":{"allow":["GET"]}}],"collection":[{"href":"https:\/\/www.thiery.fr\/index.php?rest_route=\/wp\/v2\/pages"}],"about":[{"href":"https:\/\/www.thiery.fr\/index.php?rest_route=\/wp\/v2\/types\/page"}],"author":[{"embeddable":true,"href":"https:\/\/www.thiery.fr\/index.php?rest_route=\/wp\/v2\/users\/1"}],"replies":[{"embeddable":true,"href":"https:\/\/www.thiery.fr\/index.php?rest_route=%2Fwp%2Fv2%2Fcomments&post=544"}],"version-history":[{"count":21,"href":"https:\/\/www.thiery.fr\/index.php?rest_route=\/wp\/v2\/pages\/544\/revisions"}],"predecessor-version":[{"id":2943,"href":"https:\/\/www.thiery.fr\/index.php?rest_route=\/wp\/v2\/pages\/544\/revisions\/2943"}],"wp:attachment":[{"href":"https:\/\/www.thiery.fr\/index.php?rest_route=%2Fwp%2Fv2%2Fmedia&parent=544"}],"curies":[{"name":"wp","href":"https:\/\/api.w.org\/{rel}","templated":true}]}}