{"id":557,"date":"2014-04-24T06:35:30","date_gmt":"2014-04-24T06:35:30","guid":{"rendered":"http:\/\/www.thiery.fr\/?page_id=557"},"modified":"2020-06-24T20:26:51","modified_gmt":"2020-06-24T20:26:51","slug":"urgences","status":"publish","type":"page","link":"https:\/\/www.thiery.fr\/?page_id=557","title":{"rendered":"Urgences"},"content":{"rendered":"<p><span style=\"color: #800000;\">Num\u00e9ros d&rsquo;urgences<\/span><\/p>\n<div id=\"leftCol\">\n<div id=\"item331\" class=\"assoBorderViolet\">\n<pre class=\"broc\"><strong>Secours<\/strong><\/pre>\n<pre class=\"largeBrocViolet\"><strong>Sapeurs Pompiers<\/strong> \n Accident \/ Incendie\u00a0 18\n Renseignements 04 93 08 70 41\n \n <strong>Police gendarmerie\u00a0 <\/strong>17\n \n <strong>Ambulance\/ SAMU\/SMUR\u00a0<\/strong>15\n \n <strong>Centre anti-poison <\/strong>04 91 75 25 25\n \n <span style=\"text-decoration: underline;\"><strong>Urgences h\u00f4pitaux<\/strong><\/span>\n \n <strong>H\u00f4pital Saint Roch <\/strong>04 92 03 33 33\n <strong>H\u00f4pital Lenval<\/strong> 04 92 03 03 03\n<strong> Institut Arnauld Tzanck<\/strong> 04 92 27 39 80\n<strong> Polyclinique Saint-Jean<\/strong> Cagnes sur mer \n Urgences 04 92 13 57 41 \n M\u00e9decin urgentiste 04 92 13 53 33 \n Service de radiologie 04 92 13 55 40 \n<strong> Clinique Saint-George<\/strong> Nice T\u00e9l\u00e9phone 04 93 71 50 \n Urgences: 04 92 26 77 77<\/pre>\n<table class=\"tab2\" summary=\"\">\n<tbody>\n<tr>\n<td class=\"deux_col\"><\/td>\n<td class=\"deux_col2\"><\/td>\n<\/tr>\n<\/tbody>\n<\/table>\n<\/div>\n<\/div>\n<div id=\"rightCol\">\n<div id=\"item333\" class=\"assoBorderViolet\">\n<pre class=\"broc\"><strong>Autres Services <\/strong><\/pre>\n<pre class=\"largeBrocViolet\"><strong>Num\u00e9ros utiles GRDF:\n<\/strong>Urgence Gaz 0 800 47 33 33 ( Num\u00e9ro vert Urgence S\u00e9curit\u00e9 Gaz du distributeur GRDF )\n<a href=\"http:\/\/www.grdf.fr\/fuite-de-gaz\">http:\/\/www.grdf.fr\/fuite-de-gaz<\/a>\n<a href=\"https:\/\/infocoupure.grdf.fr\/\">https:\/\/infocoupure.grdf.fr\/<\/a>\nService client 09 69 36 35 34 (appel non surtax\u00e9), du lundi au vendredi de 8h \u00e0 17h.<\/pre>\n<pre class=\"largeBrocViolet\"><strong>Num\u00e9ros utiles ENEDIS:<\/strong>\nUrgence ENEDIS \u00a009 726 750 38\nDemande de raccordement: 0 969 321 853\u00a0\nService relev\u00e9 d'Enedis au 0 800 433 333\n<a href=\"https:\/\/espace-client-collectivites.enedis.fr\/web\/espace-collectivite\/infocoupures\">https:\/\/espace-client-collectivites.enedis.fr\/web\/espace-collectivite\/infocoupures<\/a>\n<span style=\"color: #444444;\"><span style=\"font-family: Times New Roman, serif;\"><span style=\"font-size: medium;\"><a href=\"http:\/\/kelwatt.fr\/\" target=\"_blank\" rel=\"noopener noreferrer\">Kelwatt.fr<\/a>     reprend les tarifs et grilles tarifaires actualis\u00e9s<\/span><\/span><\/span><\/pre>\n<\/div>\n<\/div>\n","protected":false},"excerpt":{"rendered":"<p>Num\u00e9ros d&rsquo;urgences Secours Sapeurs Pompiers Accident \/ Incendie\u00a0 18 Renseignements 04 93 08 70 41 Police gendarmerie\u00a0 17 Ambulance\/ SAMU\/SMUR\u00a015 Centre anti-poison 04 91 75 25 25 Urgences h\u00f4pitaux H\u00f4pital Saint Roch 04 92 03 33 33 H\u00f4pital Lenval 04 &hellip; <a href=\"https:\/\/www.thiery.fr\/?page_id=557\">Continuer la lecture <span class=\"meta-nav\">&rarr;<\/span><\/a><\/p>\n","protected":false},"author":1,"featured_media":0,"parent":0,"menu_order":0,"comment_status":"closed","ping_status":"open","template":"","meta":{"footnotes":""},"class_list":["post-557","page","type-page","status-publish","hentry"],"_links":{"self":[{"href":"https:\/\/www.thiery.fr\/index.php?rest_route=\/wp\/v2\/pages\/557","targetHints":{"allow":["GET"]}}],"collection":[{"href":"https:\/\/www.thiery.fr\/index.php?rest_route=\/wp\/v2\/pages"}],"about":[{"href":"https:\/\/www.thiery.fr\/index.php?rest_route=\/wp\/v2\/types\/page"}],"author":[{"embeddable":true,"href":"https:\/\/www.thiery.fr\/index.php?rest_route=\/wp\/v2\/users\/1"}],"replies":[{"embeddable":true,"href":"https:\/\/www.thiery.fr\/index.php?rest_route=%2Fwp%2Fv2%2Fcomments&post=557"}],"version-history":[{"count":8,"href":"https:\/\/www.thiery.fr\/index.php?rest_route=\/wp\/v2\/pages\/557\/revisions"}],"predecessor-version":[{"id":2717,"href":"https:\/\/www.thiery.fr\/index.php?rest_route=\/wp\/v2\/pages\/557\/revisions\/2717"}],"wp:attachment":[{"href":"https:\/\/www.thiery.fr\/index.php?rest_route=%2Fwp%2Fv2%2Fmedia&parent=557"}],"curies":[{"name":"wp","href":"https:\/\/api.w.org\/{rel}","templated":true}]}}