{"id":569,"date":"2014-04-24T07:26:46","date_gmt":"2014-04-24T07:26:46","guid":{"rendered":"http:\/\/www.thiery.fr\/?page_id=569"},"modified":"2015-04-17T08:44:44","modified_gmt":"2015-04-17T08:44:44","slug":"arretes-municipaux","status":"publish","type":"page","link":"https:\/\/www.thiery.fr\/?page_id=569","title":{"rendered":"Arr\u00eat\u00e9s municipaux"},"content":{"rendered":"<h1 class=\"titre\"><span style=\"color: #800000;\"><em><strong>D\u00e9broussaillement<br \/>\n<\/strong><\/em><\/span><\/h1>\n<p><span class=\"servir_stitre_plus\">Pourquoi d\u00e9broussailler ?<\/span> <span class=\"gras\">Le territoire des Alpes-Maritimes est tr\u00e8s sensible aux incendies de for\u00eats :<\/span> <span class=\"servir_normal\">D\u00e9broussailler pour pr\u00e9server la nature et ses biens.<\/span> Riche d\u2019une couverture foresti\u00e8re repr\u00e9sentant 55 % de son territoire et expos\u00e9 \u00e0 la s\u00e9cheresse estivale, le <a href=\"https:\/\/www.thiery.fr\/wp-content\/uploads\/affiche-d\u00e9brousaillement.jpg\"><img loading=\"lazy\" decoding=\"async\" class=\"alignleft wp-image-694 size-medium\" src=\"https:\/\/www.thiery.fr\/wp-content\/uploads\/affiche-d\u00e9brousaillement-200x300.jpg\" alt=\"affiche-d\u00e9brousaillement\" width=\"200\" height=\"300\" srcset=\"https:\/\/www.thiery.fr\/wp-content\/uploads\/affiche-d\u00e9brousaillement-200x300.jpg 200w, https:\/\/www.thiery.fr\/wp-content\/uploads\/affiche-d\u00e9brousaillement.jpg 500w\" sizes=\"auto, (max-width: 200px) 100vw, 200px\" \/><\/a>d\u00e9partement des Alpes-Maritimes a trop souvent connu des incendies aux cons\u00e9quences dramatiques pour la nature et pour les hommes. Parall\u00e8lement \u00e0 la vigilance exerc\u00e9e par les services <a href=\"https:\/\/www.thiery.fr\/wp-content\/uploads\/debrouillaillement.jpg\"><img loading=\"lazy\" decoding=\"async\" class=\"alignright size-medium wp-image-2364\" src=\"https:\/\/www.thiery.fr\/wp-content\/uploads\/debrouillaillement-213x300.jpg\" alt=\"debrouillaillement\" width=\"213\" height=\"300\" srcset=\"https:\/\/www.thiery.fr\/wp-content\/uploads\/debrouillaillement-213x300.jpg 213w, https:\/\/www.thiery.fr\/wp-content\/uploads\/debrouillaillement.jpg 455w\" sizes=\"auto, (max-width: 213px) 100vw, 213px\" \/><\/a>sp\u00e9cialis\u00e9s, la mobilisation de tous les citoyens est indispensable pour limiter les risques d\u2019incendies, r\u00e9duire les interventions des pompiers et pr\u00e9server le patrimoine naturel qui constitue la beaut\u00e9 et la richesse des Alpes-Maritimes.<\/p>\n<p>Le d\u00e9broussaillement constitue l\u2019\u00e9l\u00e9ment majeur de la pr\u00e9vention des incendies. Rendu obligatoire par la loi dans un rayon de 50 m\u00e8tres autour de sa maison, ce geste simple permet de prot\u00e9ger son jardin, son habitation, ses biens et ceux de son voisinage. Cette plaquette liste les conseils pour un d\u00e9broussaillement r\u00e9ussi afin de passer un \u00e9t\u00e9 dans la qui\u00e9tude et la\u00a0 tranquillit\u00e9. <a href=\"http:\/\/www.cg06.fr\/fr\/servir-les-habitants\/developpement-durable\/la-defense-des-forets\/debroussaillement\/debroussaillement\/\">En savoir plus &#8230;<\/a><\/p>\n<p>&nbsp;<\/p>\n","protected":false},"excerpt":{"rendered":"<p>D\u00e9broussaillement Pourquoi d\u00e9broussailler ? Le territoire des Alpes-Maritimes est tr\u00e8s sensible aux incendies de for\u00eats : D\u00e9broussailler pour pr\u00e9server la nature et ses biens. Riche d\u2019une couverture foresti\u00e8re repr\u00e9sentant 55 % de son territoire et expos\u00e9 \u00e0 la s\u00e9cheresse estivale, &hellip; <a href=\"https:\/\/www.thiery.fr\/?page_id=569\">Continuer la lecture <span class=\"meta-nav\">&rarr;<\/span><\/a><\/p>\n","protected":false},"author":1,"featured_media":0,"parent":0,"menu_order":0,"comment_status":"closed","ping_status":"open","template":"","meta":{"footnotes":""},"class_list":["post-569","page","type-page","status-publish","hentry"],"_links":{"self":[{"href":"https:\/\/www.thiery.fr\/index.php?rest_route=\/wp\/v2\/pages\/569","targetHints":{"allow":["GET"]}}],"collection":[{"href":"https:\/\/www.thiery.fr\/index.php?rest_route=\/wp\/v2\/pages"}],"about":[{"href":"https:\/\/www.thiery.fr\/index.php?rest_route=\/wp\/v2\/types\/page"}],"author":[{"embeddable":true,"href":"https:\/\/www.thiery.fr\/index.php?rest_route=\/wp\/v2\/users\/1"}],"replies":[{"embeddable":true,"href":"https:\/\/www.thiery.fr\/index.php?rest_route=%2Fwp%2Fv2%2Fcomments&post=569"}],"version-history":[{"count":17,"href":"https:\/\/www.thiery.fr\/index.php?rest_route=\/wp\/v2\/pages\/569\/revisions"}],"predecessor-version":[{"id":571,"href":"https:\/\/www.thiery.fr\/index.php?rest_route=\/wp\/v2\/pages\/569\/revisions\/571"}],"wp:attachment":[{"href":"https:\/\/www.thiery.fr\/index.php?rest_route=%2Fwp%2Fv2%2Fmedia&parent=569"}],"curies":[{"name":"wp","href":"https:\/\/api.w.org\/{rel}","templated":true}]}}