{"id":585,"date":"2014-04-24T09:22:42","date_gmt":"2014-04-24T09:22:42","guid":{"rendered":"http:\/\/www.thiery.fr\/?page_id=585"},"modified":"2023-05-25T13:50:29","modified_gmt":"2023-05-25T13:50:29","slug":"demarches-administratives","status":"publish","type":"page","link":"https:\/\/www.thiery.fr\/?page_id=585","title":{"rendered":"Infos pratiques"},"content":{"rendered":"<p style=\"text-align: center;\"><span style=\"font-size: 14pt;\"><strong>G\u00eetes communaux:<br \/>\n<\/strong>N&rsquo;h\u00e9sitez contacter la municipalit\u00e9 pour plus de renseignements!<\/span><a href=\"https:\/\/www.thiery.fr\/wp-content\/uploads\/Gite-image.png\"><img loading=\"lazy\" decoding=\"async\" class=\"aligncenter size-full wp-image-3066\" src=\"https:\/\/www.thiery.fr\/wp-content\/uploads\/Gite-image.png\" alt=\"\" width=\"863\" height=\"646\" srcset=\"https:\/\/www.thiery.fr\/wp-content\/uploads\/Gite-image.png 863w, https:\/\/www.thiery.fr\/wp-content\/uploads\/Gite-image-300x225.png 300w, https:\/\/www.thiery.fr\/wp-content\/uploads\/Gite-image-768x575.png 768w, https:\/\/www.thiery.fr\/wp-content\/uploads\/Gite-image-401x300.png 401w\" sizes=\"auto, (max-width: 863px) 100vw, 863px\" \/><\/a><\/p>\n<p style=\"text-align: center;\"><span style=\"color: #000000;\"><strong><span style=\"font-size: 14pt;\">Infos Service Public<\/span><\/strong><\/span><\/p>\n<p style=\"text-align: center;\"><span style=\"color: #008080;\"><strong><span style=\"color: #ff6600;\">&#8211;&gt; MAISON ITINERANTE DU DEPARTEMENT &lt;&#8211;<br \/>\n<\/span><\/strong><\/span><span style=\"color: #000000; font-size: 12pt;\"><strong><a href=\"https:\/\/www.departement06.fr\/maisons-des-alpes-maritimes\/maison-du-departement-itinerante-3196.html\">+ d&rsquo;infos et calendriers de passage en cliquant ici<\/a><\/strong><\/span><\/p>\n<p style=\"text-align: center;\"><span style=\"color: #008080;\"><strong><span style=\"color: #ff6600;\">&#8211;&gt; IMP\u00d4TS ET AUTRES REDEVANCES &lt;&#8211;<\/span><br \/>\n<\/strong><span style=\"color: #000000;\"><em>(suppression du poste de Puget-Th\u00e9niers)<strong><br \/>\nPayables par ch\u00e8ques uniquement au SGC de PLAN DU VAR :<\/strong><\/em><\/span><\/span><br \/>\n<span style=\"color: #000000;\"><em>180 Avenue Porte des Alpes, PLAN DU VAR 06670 LEVENS<\/em><\/span><br \/>\n<span style=\"color: #000000;\"><em><a style=\"color: #000000;\" href=\"mailto:sgc.plan-du-var@dgfip.finances.gouv.fr\">sgc.plan-du-var@dgfip.finances.gouv.fr <\/a>\u00a0&#8211;\u00a0 Standard : 04 89 14 24 56<\/em><\/span><br \/>\n<span style=\"color: #000000;\"><em><strong>Payables en esp\u00e8ces uniquement au Tabac Presse de TOUET SUR VAR<\/strong><\/em><\/span><\/p>\n<p style=\"text-align: center;\"><span style=\"color: #666699;\"><strong><span style=\"color: #ff6600;\">&#8211;&gt; GUICHET FRANCE-SERVICES DE PUGET-THENIERS &lt;&#8211;<\/span><br \/>\n<\/strong><span style=\"color: #000000;\"><em><strong>Accueil physique uniquement sur rendez-vous individuel :<\/strong><\/em><\/span><\/span><br \/>\n<span style=\"color: #000000;\"><em>Lundi, mardi, jeudi et vendredi de 10h \u00e0 12h et de 14h \u00e0 17h<\/em><\/span><br \/>\n<span style=\"color: #000000;\"><em><strong>Accueil t\u00e9l\u00e9phonique et num\u00e9rique :<\/strong><\/em><\/span><br \/>\n<span style=\"color: #000000;\"><em>Tous les jours du lundi au vendredi de 9h30 \u00e0 12h30 et de 13h30 \u00e0 17h30<\/em><\/span><\/p>\n<p style=\"text-align: center;\"><strong><span style=\"color: #ff6600;\">&#8211;&gt; FOYER RURAL &#8211; CEPAGE &lt;&#8211;<\/span><br \/>\n<\/strong><em>1 Avenue Miss Pell 06260 PUGET-THENIERS \/ Tel\u00a0: 04 93 03 31 15<\/em><br \/>\n<em><a href=\"mailto:puget-theniers@france-services.gouv.fr\">puget-theniers@france-services.gouv.fr<\/a> et <a href=\"mailto:contact@foyer-rural-cepage.com\">contact@foyer-rural-cepage.com<\/a><\/em><br \/>\n<em><u>www.foyer-rural-cepage.com<\/u><\/em><\/p>\n<p>&nbsp;<\/p>\n<p style=\"text-align: center;\"><span style=\"font-size: 14pt;\"><strong>Economie d&rsquo;\u00e9nergie<br \/>\n<\/strong><\/span>Pour plus d&rsquo;informations : <strong><a href=\"https:\/\/www.thiery.fr\/wp-content\/uploads\/Affiche_Permanences-ConfortEnergie06.pdf\">ConfortEnergie06<\/a><\/strong><a href=\"https:\/\/www.thiery.fr\/wp-content\/uploads\/energie-.png\"><img loading=\"lazy\" decoding=\"async\" class=\"aligncenter wp-image-3058\" src=\"https:\/\/www.thiery.fr\/wp-content\/uploads\/energie-.png\" alt=\"\" width=\"444\" height=\"296\" \/><\/a><\/p>\n<p>&nbsp;<\/p>\n<p style=\"text-align: center;\"><span style=\"font-size: 14pt;\"><strong>Ordures m\u00e9nag\u00e8res : consultez les guides du tri<br \/>\n<\/strong><\/span><em><span style=\"font-size: 14pt;\">guide m\u00e9mo : <strong><a href=\"https:\/\/www.thiery.fr\/wp-content\/uploads\/m\u00e9motri_HD.pdf\">m\u00e9motri_HD<\/a><\/strong><br \/>\n<\/span><\/em><span style=\"font-size: 14pt;\"><em>guide complet : <strong><a href=\"https:\/\/www.thiery.fr\/wp-content\/uploads\/Guide-du-tri_HD.pdf\">Guide du tri_HD<\/a><\/strong><\/em><strong><br \/>\n<\/strong><\/span><a href=\"https:\/\/www.thiery.fr\/wp-content\/uploads\/m%C3%A9motri_HD.pdf\"><img loading=\"lazy\" decoding=\"async\" class=\"wp-image-2841 alignnone\" src=\"https:\/\/www.thiery.fr\/wp-content\/uploads\/affiche-consignes-de-tri-modif-300x300.jpg\" alt=\"\" width=\"243\" height=\"243\" srcset=\"https:\/\/www.thiery.fr\/wp-content\/uploads\/affiche-consignes-de-tri-modif-300x300.jpg 300w, https:\/\/www.thiery.fr\/wp-content\/uploads\/affiche-consignes-de-tri-modif-1024x1024.jpg 1024w, https:\/\/www.thiery.fr\/wp-content\/uploads\/affiche-consignes-de-tri-modif-150x150.jpg 150w, https:\/\/www.thiery.fr\/wp-content\/uploads\/affiche-consignes-de-tri-modif-768x768.jpg 768w, https:\/\/www.thiery.fr\/wp-content\/uploads\/affiche-consignes-de-tri-modif.jpg 1414w\" sizes=\"auto, (max-width: 243px) 100vw, 243px\" \/><\/a><\/p>\n<p>&nbsp;<\/p>\n<p style=\"text-align: center;\"><a href=\"https:\/\/www.thiery.fr\/wp-content\/uploads\/Taxe-Am%C3%A9nagement.pdf\"><strong><span style=\"font-size: 14pt;\">Taxe d&rsquo;am\u00e9nagement : consulter l&rsquo;outil de calcul en ligne<\/span><\/strong><\/a><a href=\"https:\/\/www.thiery.fr\/wp-content\/uploads\/Taxe-Am%C3%A9nagement.pdf\"><img loading=\"lazy\" decoding=\"async\" class=\"\" src=\"https:\/\/www.fosse41.fr\/wp-content\/uploads\/2020\/08\/2020-07-28-09_51_56-Taxe-dam%C3%A9nagement-_-LE-simulateur-de-calcul-de-votre-TLE-1280x877.png\" alt=\"Calculer votre taxe d'am\u00e9nagement - Foss\u00e941\" width=\"386\" height=\"269\" \/><\/a><\/p>\n<p>&nbsp;<\/p>\n<p style=\"text-align: center;\"><a href=\"https:\/\/www.smed06.fr\/\"><strong><span style=\"font-size: 14pt;\">R\u00e9ouverture des services de d\u00e9chetterie: le SMED <\/span><\/strong><\/a><\/p>\n<table style=\"width: 100%; border-collapse: collapse; background-color: #d1ded4;\">\n<tbody>\n<tr>\n<td style=\"width: 100%; text-align: center;\">A partir du<strong> lundi 06 juillet 2020,<\/strong> le SMED suspendra l\u2019obligation d\u2019une prise de rendez-vous pour acc\u00e9der en d\u00e9chetterie. Vous pourrez donc vous rendre \u00e0 nouveau librement sur l\u2019ensemble de nos d\u00e9chetteries <strong>sans rendez-vous pr\u00e9alable.<\/strong><br \/>\n<img loading=\"lazy\" decoding=\"async\" class=\"\" src=\"https:\/\/www.reze.fr\/wp-content\/uploads\/2019\/11\/REZE_TriDechets_elements-08-2.png\" alt=\"D\u00e9chetterie - Ville de Rez\u00e9\" width=\"296\" height=\"203\" \/><br \/>\nNous vous rappelons les jours et horaires d\u2019ouverture du site le plus proche :<br \/>\n<a href=\"https:\/\/www.smed06.fr\/puget\/\"><strong>SMED &#8211; D\u00e9ch\u00e8terie de Puget-Th\u00e9niers<\/strong><\/a><br \/>\n<strong>RN 6202 \u2013 Quartier le Gralet \u2013 06260 PUGET-TH\u00c9NIERS<br \/>\ndu mardi au samedi\u00a0: de 08h \u00e0 12h et de 14h \u00e0 17h<br \/>\n<span style=\"color: #000000;\"><span class=\"w8qArf\">T\u00e9l\u00e9phone : 06 29 11 70 90<\/span><\/span><br \/>\n<\/strong><span style=\"color: #ff0000;\">Les gestes barri\u00e8res continuent de s&rsquo;appliquer !<br \/>\n<\/span><span style=\"color: #ff0000;\">Des consignes obligatoires \u00e0 respecter :<br \/>\n<\/span><span style=\"color: #ff0000;\">&#8211; masque et gants conseill\u00e9s<br \/>\n<\/span><span style=\"color: #ff0000;\">&#8211; respecter les gestes barri\u00e8res et les r\u00e8gles de distanciation physique<\/span><br \/>\n<span style=\"color: #ff0000;\">&#8211; l\u2019acc\u00e8s des usagers aux outils et mat\u00e9riels (balais, pelles\u2026) ne sera pas possibe.<\/span><\/td>\n<\/tr>\n<\/tbody>\n<\/table>\n<p>&nbsp;<\/p>\n<p><span style=\"font-size: 14pt;\"><strong><a href=\"https:\/\/impots.dispofi.fr\/centres-des-impots\/tresorerie-de-puget-theniers\/a-914369\">Finances publiques : r\u00e9ouverture du CDFIP de PUGET-THENIERS<\/a><\/strong><\/span><\/p>\n<table style=\"width: 100%; border-collapse: collapse; background-color: #f7e6e6; height: 214px;\">\n<tbody>\n<tr style=\"height: 214px;\">\n<td style=\"width: 100%; height: 214px;\">\n<p style=\"text-align: center;\"><span style=\"font-family: Liberation Serif, serif;\"><span style=\"font-size: medium;\"><span style=\"color: #000000;\">Le <b>C<\/b>entre <b>d<\/b>es <b>Fi<\/b>nances <b>P<\/b>ubliques de Puget-Th\u00e9niers est de nouveau ouvert au public<br \/>\n<\/span><\/span><\/span><span style=\"font-family: Liberation Serif, serif;\"><span style=\"font-size: medium;\"><span style=\"color: #000000;\">du lundi au jeudi matin de 8h30-12h30, \u00e0 compter du lundi 8 Juin 2020.<br \/>\n<\/span><\/span><\/span><span style=\"font-family: Liberation Serif, serif;\"><span style=\"font-size: medium;\"><span style=\"color: #000000;\">Dans le contexte actuel de crise sanitaire il est souhaitable de prendre rendez-vous\u00a0:<\/span><\/span><\/span><\/p>\n<p><img loading=\"lazy\" decoding=\"async\" class=\"aligncenter\" src=\"https:\/\/www.letelegramme.fr\/images\/2020\/02\/04\/finistere-le-projet-de-carte-des-finances-publiques_5040958_1000x526.jpg\" alt=\"https:\/\/www.letelegramme.fr\/images\/2020\/02\/04\/finistere-le-projet-de-carte-des-finances-publiques_5040958_1000x526.jpg\" width=\"296\" height=\"163\" \/><\/p>\n<p style=\"text-align: center;\"><span style=\"font-size: 12pt;\"><b>Tr\u00e9sorerie de Puget-Th\u00e9niers <\/b><\/span><br \/>\n<span style=\"font-size: 12pt;\">6202 route d\u00e9partementale Villa Marine<\/span><br \/>\n<span style=\"font-size: 12pt;\">06260 Puget-Th\u00e9niers<\/span><br \/>\n<span style=\"font-size: 12pt;\"><a href=\"t006017@dgfip.finances.gouv.fr\">t006017@dgfip.finances.gouv.fr<\/a><\/span><br \/>\n<span style=\"font-size: 12pt;\">T\u00e9l\u00e9phone <strong>04 93 05 02 51<\/strong><\/span><\/p>\n<\/td>\n<\/tr>\n<\/tbody>\n<\/table>\n<p>&nbsp;<\/p>\n<p style=\"text-align: center;\"><strong><span style=\"font-size: 14pt;\"><a href=\"https:\/\/www.thiery.fr\/wp-content\/uploads\/Fiche-Service-Gendarmerie.pdf\">Gendarmerie : service de protection<br \/>\nde vos r\u00e9sidences et des personnes vuln\u00e9rables<\/a><\/span><\/strong><a href=\"https:\/\/www.thiery.fr\/wp-content\/uploads\/Fiche-Service-Gendarmerie.pdf\"><img loading=\"lazy\" decoding=\"async\" class=\"aligncenter\" src=\"https:\/\/img.cours-servais.fr\/wp-content\/uploads\/sites\/39\/metier-gendarme.jpg\" alt=\"Devenir gendarme : m\u00e9tier, missions et formation\" width=\"322\" height=\"235\" \/><\/a><\/p>\n<p style=\"text-align: center;\">\n","protected":false},"excerpt":{"rendered":"<p>G\u00eetes communaux: N&rsquo;h\u00e9sitez contacter la municipalit\u00e9 pour plus de renseignements! Infos Service Public &#8211;&gt; MAISON ITINERANTE DU DEPARTEMENT &lt;&#8211; + d&rsquo;infos et calendriers de passage en cliquant ici &#8211;&gt; IMP\u00d4TS ET AUTRES REDEVANCES &lt;&#8211; (suppression du poste de Puget-Th\u00e9niers) Payables &hellip; <a href=\"https:\/\/www.thiery.fr\/?page_id=585\">Continuer la lecture <span class=\"meta-nav\">&rarr;<\/span><\/a><\/p>\n","protected":false},"author":1,"featured_media":0,"parent":0,"menu_order":0,"comment_status":"closed","ping_status":"open","template":"","meta":{"footnotes":""},"class_list":["post-585","page","type-page","status-publish","hentry"],"_links":{"self":[{"href":"https:\/\/www.thiery.fr\/index.php?rest_route=\/wp\/v2\/pages\/585","targetHints":{"allow":["GET"]}}],"collection":[{"href":"https:\/\/www.thiery.fr\/index.php?rest_route=\/wp\/v2\/pages"}],"about":[{"href":"https:\/\/www.thiery.fr\/index.php?rest_route=\/wp\/v2\/types\/page"}],"author":[{"embeddable":true,"href":"https:\/\/www.thiery.fr\/index.php?rest_route=\/wp\/v2\/users\/1"}],"replies":[{"embeddable":true,"href":"https:\/\/www.thiery.fr\/index.php?rest_route=%2Fwp%2Fv2%2Fcomments&post=585"}],"version-history":[{"count":25,"href":"https:\/\/www.thiery.fr\/index.php?rest_route=\/wp\/v2\/pages\/585\/revisions"}],"predecessor-version":[{"id":3222,"href":"https:\/\/www.thiery.fr\/index.php?rest_route=\/wp\/v2\/pages\/585\/revisions\/3222"}],"wp:attachment":[{"href":"https:\/\/www.thiery.fr\/index.php?rest_route=%2Fwp%2Fv2%2Fmedia&parent=585"}],"curies":[{"name":"wp","href":"https:\/\/api.w.org\/{rel}","templated":true}]}}