{"id":650,"date":"2014-04-25T11:55:23","date_gmt":"2014-04-25T11:55:23","guid":{"rendered":"http:\/\/www.thiery.fr\/?page_id=650"},"modified":"2014-05-04T08:41:21","modified_gmt":"2014-05-04T08:41:21","slug":"les-gites-communaux","status":"publish","type":"page","link":"https:\/\/www.thiery.fr\/?page_id=650","title":{"rendered":"Les gites communaux"},"content":{"rendered":"<pre><span style=\"color: #800000;\">La page est bient\u00f4t disponible<\/span><\/pre>\n<p>En attendant vous pouvez vous adresser \u00e0 la mairie de Thi\u00e9ry en <a title=\"Contactez la mairie\" href=\"https:\/\/www.thiery.fr\/?page_id=290\">cliquant ICI<\/a><\/p>\n","protected":false},"excerpt":{"rendered":"<p>La page est bient\u00f4t disponible En attendant vous pouvez vous adresser \u00e0 la mairie de Thi\u00e9ry en cliquant ICI<\/p>\n","protected":false},"author":1,"featured_media":0,"parent":0,"menu_order":0,"comment_status":"closed","ping_status":"open","template":"","meta":{"footnotes":""},"class_list":["post-650","page","type-page","status-publish","hentry"],"_links":{"self":[{"href":"https:\/\/www.thiery.fr\/index.php?rest_route=\/wp\/v2\/pages\/650","targetHints":{"allow":["GET"]}}],"collection":[{"href":"https:\/\/www.thiery.fr\/index.php?rest_route=\/wp\/v2\/pages"}],"about":[{"href":"https:\/\/www.thiery.fr\/index.php?rest_route=\/wp\/v2\/types\/page"}],"author":[{"embeddable":true,"href":"https:\/\/www.thiery.fr\/index.php?rest_route=\/wp\/v2\/users\/1"}],"replies":[{"embeddable":true,"href":"https:\/\/www.thiery.fr\/index.php?rest_route=%2Fwp%2Fv2%2Fcomments&post=650"}],"version-history":[{"count":4,"href":"https:\/\/www.thiery.fr\/index.php?rest_route=\/wp\/v2\/pages\/650\/revisions"}],"predecessor-version":[{"id":865,"href":"https:\/\/www.thiery.fr\/index.php?rest_route=\/wp\/v2\/pages\/650\/revisions\/865"}],"wp:attachment":[{"href":"https:\/\/www.thiery.fr\/index.php?rest_route=%2Fwp%2Fv2%2Fmedia&parent=650"}],"curies":[{"name":"wp","href":"https:\/\/api.w.org\/{rel}","templated":true}]}}