{"id":747,"date":"2014-05-02T10:16:46","date_gmt":"2014-05-02T10:16:46","guid":{"rendered":"http:\/\/www.thiery.fr\/?page_id=747"},"modified":"2015-08-25T14:29:41","modified_gmt":"2015-08-25T14:29:41","slug":"parcours-gpx","status":"publish","type":"page","link":"https:\/\/www.thiery.fr\/?page_id=747","title":{"rendered":"Cartes et Parcours GPX"},"content":{"rendered":"<p>A charger sur votre smartphone pour suivre la trace (play store Oruxmaps par exemple sur Android)<\/p>\n<p>&#8212;&#8212;&#8212;&#8212;&#8212;&#8212;&#8212;&#8212;&#8212;&#8212;&#8212;&#8212;&#8212;&#8212;&#8212;&#8212;&#8212;&#8212;&#8212;&#8212;&#8212;&#8212;&#8212;&#8212;&#8212;&#8212;&#8212;&#8212;&#8212;&#8212;&#8212;&#8212;&#8212;&#8212;&#8212;-<\/p>\n<p><strong><em><span style=\"color: #800000;\">Trail des 2 chapelles &#8211;<\/span><\/em><\/strong> <span class=\"distance\">14.700 <\/span><span class=\"unitlabel unitsize\">km<\/span>, D\u00e9nivel\u00e9 934<span class=\"unitsize\">m<\/span> : Thi\u00e9ry -&gt; Thi\u00e9ry . Tr\u00e8s belle randonn\u00e9e, VTT d\u00e9conseill\u00e9, trop de portage<br \/>\n<a href=\"http:\/\/export.openrunner.com\/kml\/exportImportGPX.php?rttype=0&amp;id=3688142\" target=\"_blank\">Trace fichier GPX<\/a><br \/>\n<script src=\"http:\/\/www.openrunner.com\/orservice\/inorser-script.php?key=mykey&amp;ser=S05&amp;id=3688142&amp;w=500&amp;h=350&amp;hp=128&amp;k=5&amp;m=0&amp;pa=0&amp;oc=1&amp;c=1&amp;ts=1401699908\"><\/script>&#8212;&#8212;&#8212;&#8212;&#8212;&#8212;&#8212;&#8212;&#8212;&#8212;&#8212;&#8212;&#8212;&#8212;&#8212;&#8212;&#8212;&#8212;&#8212;&#8212;&#8212;&#8212;&#8212;&#8212;&#8212;&#8212;&#8212;&#8212;&#8212;&#8212;&#8212;&#8212;&#8212;&#8212;&#8212;-<\/p>\n<h6><strong><em><span style=\"color: #800000;\">Thi\u00e9ry Grand Pallier &#8211; <\/span><\/em><\/strong><span style=\"color: #800000;\"><span style=\"color: #000000;\">Col St Pons Brec d&rsquo;Ilonse<\/span><\/span> &#8211; Col de la Courbaisse\u00a0 &#8211; Thi\u00e9ry Dans le sens inverse pour le VTT c&rsquo;est mieux. Attention c&rsquo;est raide, il y a du portage apr\u00e8s la descente du Gand Palier (voire pendant descente technique)<\/h6>\n<p><a href=\"http:\/\/export.openrunner.com\/kml\/exportImportGPX.php?rttype=0&amp;id=1538636\" target=\"_blank\">Trace fichier GPX<\/a><\/p>\n<p><script src=\"http:\/\/www.openrunner.com\/orservice\/inorser-script.php?key=mykey&amp;ser=S05&amp;id=1538636&amp;w=500&amp;h=350&amp;hp=128&amp;k=2&amp;m=0&amp;pa=1&amp;oc=1&amp;c=1&amp;ts=1399031983\"><\/script><\/p>\n<h6 style=\"text-align: center;\">&#8212;&#8212;&#8212;&#8212;&#8212;&#8212;&#8212;&#8212;-<\/h6>\n<p>&nbsp;<\/p>\n<h6><strong><em><span style=\"color: #800000;\">Thi\u00e9ry Villa sousb\u00e9re<\/span><\/em><\/strong> &#8211; Col de la Courbaisse &#8211; Brec d&rsquo;Ilonse &#8211; l&rsquo;Arzilagne &#8211; les Blaches &#8211; Thi\u00e9ry<\/h6>\n<h6>Pr\u00e9f\u00e9rez cet itin\u00e9raire pour le VTT il y a moins de portage (moins difficile)<\/h6>\n<p><a href=\"http:\/\/export.openrunner.com\/kml\/exportImportGPX.php?rttype=0&amp;id=3557483\" target=\"_blank\">Trace fichier GPX<\/a><\/p>\n<h6><\/h6>\n<h6><script src=\"http:\/\/www.openrunner.com\/orservice\/inorser-script.php?key=mykey&amp;ser=S05&amp;id=3557483&amp;w=500&amp;h=350&amp;hp=128&amp;k=3&amp;m=0&amp;pa=1&amp;oc=1&amp;c=1&amp;ts=1399030409\"><\/script><\/h6>\n<p>&#8212;&#8212;&#8212;&#8212;&#8212;&#8212;&#8212;&#8212;&#8212;&#8212;&#8212;&#8212;&#8212;&#8212;&#8212;&#8212;&#8212;&#8212;&#8212;&#8212;&#8212;&#8212;&#8212;&#8212;&#8212;&#8212;&#8212;&#8212;&#8212;&#8212;&#8212;&#8212;&#8212;&#8212;&#8212;- <span style=\"color: #800000;\"><em><strong>Girou dei Tubans <\/strong><\/em><\/span>, Trail des Tubans (Parcours officiel de la course) VTT facile, large piste mais beau d\u00e9nivel\u00e9 <a href=\"http:\/\/export.openrunner.com\/kml\/exportImportGPX.php?rttype=0&amp;id=2613105\" target=\"_blank\">Trace fichier GPX<\/a><\/p>\n<p><script src=\"http:\/\/www.openrunner.com\/orservice\/inorser-script.php?key=mykey&amp;ser=S05&amp;id=2613105&amp;w=500&amp;h=350&amp;hp=128&amp;k=5&amp;m=0&amp;pa=0&amp;oc=1&amp;c=0&amp;ts=1399026530\"><\/script><\/p>\n<p>&#8212;&#8212;&#8212;&#8212;&#8212;&#8212;&#8212;&#8212;&#8212;&#8212;&#8212;&#8212;&#8212;&#8212;&#8212;&#8212;&#8212;&#8212;&#8212;&#8212;&#8212;&#8212;&#8212;&#8212;&#8212;&#8212;&#8212;&#8212;&#8212;&#8212;&#8212;&#8212;&#8212;&#8212;&#8212;&#8211;<\/p>\n<p><span style=\"color: #800000;\"><em><strong>Cascade de Thiery <\/strong><\/em><\/span>, Randonn\u00e9e p\u00e9destre aller \/ retour . En chemin, l&rsquo;\u00e9t\u00e9 baignade dans d&rsquo;Arzilagne <a href=\"http:\/\/export.openrunner.com\/kml\/exportImportGPX.php?rttype=0&amp;id=3666963\" target=\"_blank\">Trace fichier GPX<\/a><\/p>\n<p>&nbsp;<\/p>\n<p><script src=\"http:\/\/www.openrunner.com\/orservice\/inorser-script.php?key=mykey&amp;ser=S05&amp;id=3666963&amp;w=500&amp;h=350&amp;hp=128&amp;k=5&amp;m=0&amp;pa=0&amp;oc=1&amp;c=0&amp;ts=1401266648\"><\/script><\/p>\n","protected":false},"excerpt":{"rendered":"<p>A charger sur votre smartphone pour suivre la trace (play store Oruxmaps par exemple sur Android) &#8212;&#8212;&#8212;&#8212;&#8212;&#8212;&#8212;&#8212;&#8212;&#8212;&#8212;&#8212;&#8212;&#8212;&#8212;&#8212;&#8212;&#8212;&#8212;&#8212;&#8212;&#8212;&#8212;&#8212;&#8212;&#8212;&#8212;&#8212;&#8212;&#8212;&#8212;&#8212;&#8212;&#8212;&#8212;- Trail des 2 chapelles &#8211; 14.700 km, D\u00e9nivel\u00e9 934m : Thi\u00e9ry -&gt; Thi\u00e9ry . Tr\u00e8s belle randonn\u00e9e, VTT d\u00e9conseill\u00e9, trop de portage Trace &hellip; <a href=\"https:\/\/www.thiery.fr\/?page_id=747\">Continuer la lecture <span class=\"meta-nav\">&rarr;<\/span><\/a><\/p>\n","protected":false},"author":1,"featured_media":0,"parent":0,"menu_order":0,"comment_status":"closed","ping_status":"open","template":"","meta":{"footnotes":""},"class_list":["post-747","page","type-page","status-publish","hentry"],"_links":{"self":[{"href":"https:\/\/www.thiery.fr\/index.php?rest_route=\/wp\/v2\/pages\/747","targetHints":{"allow":["GET"]}}],"collection":[{"href":"https:\/\/www.thiery.fr\/index.php?rest_route=\/wp\/v2\/pages"}],"about":[{"href":"https:\/\/www.thiery.fr\/index.php?rest_route=\/wp\/v2\/types\/page"}],"author":[{"embeddable":true,"href":"https:\/\/www.thiery.fr\/index.php?rest_route=\/wp\/v2\/users\/1"}],"replies":[{"embeddable":true,"href":"https:\/\/www.thiery.fr\/index.php?rest_route=%2Fwp%2Fv2%2Fcomments&post=747"}],"version-history":[{"count":39,"href":"https:\/\/www.thiery.fr\/index.php?rest_route=\/wp\/v2\/pages\/747\/revisions"}],"predecessor-version":[{"id":2398,"href":"https:\/\/www.thiery.fr\/index.php?rest_route=\/wp\/v2\/pages\/747\/revisions\/2398"}],"wp:attachment":[{"href":"https:\/\/www.thiery.fr\/index.php?rest_route=%2Fwp%2Fv2%2Fmedia&parent=747"}],"curies":[{"name":"wp","href":"https:\/\/api.w.org\/{rel}","templated":true}]}}